{"id":2873,"date":"2021-09-15T10:23:25","date_gmt":"2021-09-15T10:23:25","guid":{"rendered":"https:\/\/wordpress.vecurosoft.com\/haarino\/?page_id=2873"},"modified":"2025-05-13T14:13:40","modified_gmt":"2025-05-13T11:13:40","slug":"about","status":"publish","type":"page","link":"https:\/\/www.corumbeltur.com.tr\/?page_id=2873","title":{"rendered":"Hakk\u0131m\u0131zda"},"content":{"rendered":"\t\t<div data-elementor-type=\"wp-page\" data-elementor-id=\"2873\" class=\"elementor elementor-2873\">\n\t\t\t\t\t\t<section class=\"elementor-section elementor-top-section elementor-element elementor-element-3bd86bb elementor-section-full_width elementor-section-height-default elementor-section-height-default\" data-id=\"3bd86bb\" data-element_type=\"section\">\n\t\t\t\t\t\t<div class=\"elementor-container elementor-column-gap-no\">\n\t\t\t\t\t<div class=\"elementor-column elementor-col-100 elementor-top-column elementor-element elementor-element-70cd381\" data-id=\"70cd381\" data-element_type=\"column\">\n\t\t\t<div class=\"elementor-widget-wrap elementor-element-populated\">\n\t\t\t\t\t\t<section class=\"elementor-section elementor-inner-section elementor-element elementor-element-b611efd elementor-section-content-middle elementor-section-boxed elementor-section-height-default elementor-section-height-default\" data-id=\"b611efd\" data-element_type=\"section\">\n\t\t\t\t\t\t<div class=\"elementor-container elementor-column-gap-no\">\n\t\t\t\t\t<div class=\"elementor-column elementor-col-50 elementor-inner-column elementor-element elementor-element-48fd4a3\" data-id=\"48fd4a3\" data-element_type=\"column\">\n\t\t\t<div class=\"elementor-widget-wrap elementor-element-populated\">\n\t\t\t\t\t\t<div class=\"elementor-element elementor-element-a6f1e10 elementor-widget elementor-widget-image\" data-id=\"a6f1e10\" data-element_type=\"widget\" data-widget_type=\"image.default\">\n\t\t\t\t<div class=\"elementor-widget-container\">\n\t\t\t\t\t\t\t\t\t\t\t\t\t<img fetchpriority=\"high\" decoding=\"async\" width=\"512\" height=\"419\" src=\"https:\/\/www.corumbeltur.com.tr\/wp-content\/uploads\/2021\/09\/footeer-logo.png\" class=\"attachment-full size-full wp-image-7965\" alt=\"\" srcset=\"https:\/\/www.corumbeltur.com.tr\/wp-content\/uploads\/2021\/09\/footeer-logo.png 512w, https:\/\/www.corumbeltur.com.tr\/wp-content\/uploads\/2021\/09\/footeer-logo-300x246.png 300w\" sizes=\"(max-width: 512px) 100vw, 512px\" \/>\t\t\t\t\t\t\t\t\t\t\t\t\t<\/div>\n\t\t\t\t<\/div>\n\t\t\t\t\t<\/div>\n\t\t<\/div>\n\t\t\t\t<div class=\"elementor-column elementor-col-50 elementor-inner-column elementor-element elementor-element-181ce40\" data-id=\"181ce40\" data-element_type=\"column\">\n\t\t\t<div class=\"elementor-widget-wrap elementor-element-populated\">\n\t\t\t\t\t\t<div class=\"elementor-element elementor-element-ebe4405 elementor-widget elementor-widget-haarmaxservices\" data-id=\"ebe4405\" data-element_type=\"widget\" data-widget_type=\"haarmaxservices.default\">\n\t\t\t\t<div class=\"elementor-widget-container\">\n\t\t\t<!-----------------------Start Services Area-----------------------><div class=\"about-media-wrap\"><div class=\"d-md-flex gap-4 about-media text-center text-md-start\"><div class=\"media-body\"><h4 class=\"fw-semibold mb-1 mt-n1\">Hakk\u0131m\u0131zda<\/h4><p>\u00c7orum Belediyesi&#039;nin bir i\u015ftiraki olarak faaliyet g\u00f6steren \u00c7orum Beltur K\u00fclt\u00fcr Turizm Ticaret A.\u015e., \u015fehrimize 15 farkl\u0131 \u015fubesiyle kapsaml\u0131 hizmet sunmaktad\u0131r. Bu \u015fubeler aras\u0131nda bir restoran, \u00fc\u00e7 Veli Pa\u015fa kahvecisi, alt\u0131 sosyal tesis, iki karavanla sat\u0131\u015f arac\u0131, bir d\u00fc\u011f\u00fcn salonu, iki \u015fubeli kad\u0131n el eme\u011fi \u00e7ar\u015f\u0131s\u0131 yer almaktad\u0131r.\nAmac\u0131m\u0131z, \u00c7orum&#039;un sosyal ve k\u00fclt\u00fcrel ya\u015fam\u0131na zenginlik katmak ve her kesime hitap eden kaliteli hizmetler sunmakt\u0131r. Misyonumuz do\u011frultusunda, yerel tatlar\u0131 ve gelenekleri yans\u0131tan mek\u00e2nlar\u0131m\u0131zla, misafirlerimizi s\u0131cak bir ortamda a\u011f\u0131rlamay\u0131 hedefliyoruz.\n\u00c7orum Beltur olarak, topluma de\u011fer katma felsefemizle, \u015fehrimizin k\u00fclt\u00fcrel dokusunu korumay\u0131 ve geli\u015ftirmeyi \u00f6ncelikli hedeflerimiz aras\u0131nda g\u00f6rmekteyiz. Her \u015fubemizde sundu\u011fumuz hizmetlerin kalitesiyle, misafirlerimizin g\u00fczel vakit ge\u00e7irmesini ama\u00e7l\u0131yoruz.<\/p><\/div><\/div><\/div><!-----------------------End Services Area----------------------->\t\t<\/div>\n\t\t\t\t<\/div>\n\t\t\t\t\t<\/div>\n\t\t<\/div>\n\t\t\t\t\t<\/div>\n\t\t<\/section>\n\t\t\t\t<div class=\"elementor-element elementor-element-a52ae81 elementor-widget elementor-widget-spacer\" data-id=\"a52ae81\" data-element_type=\"widget\" data-widget_type=\"spacer.default\">\n\t\t\t\t<div class=\"elementor-widget-container\">\n\t\t\t\t\t<div class=\"elementor-spacer\">\n\t\t\t<div class=\"elementor-spacer-inner\"><\/div>\n\t\t<\/div>\n\t\t\t\t<\/div>\n\t\t\t\t<\/div>\n\t\t\t\t<section class=\"elementor-section elementor-inner-section elementor-element elementor-element-78924ef elementor-section-content-middle elementor-section-boxed elementor-section-height-default elementor-section-height-default\" data-id=\"78924ef\" data-element_type=\"section\">\n\t\t\t\t\t\t<div class=\"elementor-container elementor-column-gap-no\">\n\t\t\t\t\t<div class=\"elementor-column elementor-col-50 elementor-inner-column elementor-element elementor-element-ddb647e\" data-id=\"ddb647e\" data-element_type=\"column\">\n\t\t\t<div class=\"elementor-widget-wrap elementor-element-populated\">\n\t\t\t\t\t\t<div class=\"elementor-element elementor-element-efd0bc8 elementor-widget elementor-widget-haarmaxservices\" data-id=\"efd0bc8\" data-element_type=\"widget\" data-widget_type=\"haarmaxservices.default\">\n\t\t\t\t<div class=\"elementor-widget-container\">\n\t\t\t<!-----------------------Start Services Area-----------------------><div class=\"about-media-wrap\"><div class=\"d-md-flex gap-4 about-media text-center text-md-start\"><div class=\"media-body\"><h4 class=\"fw-semibold mb-1 mt-n1\">Misyonumuz<\/h4><p>Kat\u0131l\u0131mc\u0131 y\u00f6neti\u015fim anlay\u0131\u015f\u0131m\u0131zla toplumsal dayan\u0131\u015fmay\u0131 g\u00fc\u00e7lendirmek temel amac\u0131m\u0131zd\u0131r. \u015eehrimizin tarihi, k\u00fclt\u00fcrel ve \u00e7evresel de\u011ferlerine sahip \u00e7\u0131karak, bu de\u011ferlerin gelecek nesillere aktar\u0131lmas\u0131na katk\u0131da bulunmay\u0131 \u00f6ncelikli hedefimiz olarak belirliyoruz.\nYenilik\u00e7i \u00e7\u00f6z\u00fcmlerle ya\u015fam\u0131 kolayla\u015ft\u0131rmak i\u00e7in s\u00fcrekli olarak kendimizi geli\u015ftiriyor, vatanda\u015flar\u0131m\u0131z\u0131n ihtiya\u00e7lar\u0131na en uygun hizmetleri sunmak i\u00e7in \u00e7al\u0131\u015f\u0131yoruz. Hizmet belediyecili\u011fi ve sosyal belediyecilik anlay\u0131\u015f\u0131m\u0131z do\u011frultusunda, s\u00fcrd\u00fcr\u00fclebilir ve ya\u015fanabilir tesisler olu\u015fturarak, vatanda\u015flar\u0131m\u0131z\u0131n talep ve beklentilerine en iyi \u015fekilde cevap verebilmeyi hedefliyoruz. Amac\u0131m\u0131z, herkesin e\u015fit ko\u015fullarda faydaland\u0131\u011f\u0131 bir ya\u015fam alan\u0131 sunmakt\u0131r.<\/p><\/div><\/div><\/div><!-----------------------End Services Area----------------------->\t\t<\/div>\n\t\t\t\t<\/div>\n\t\t\t\t\t<\/div>\n\t\t<\/div>\n\t\t\t\t<div class=\"elementor-column elementor-col-50 elementor-inner-column elementor-element elementor-element-5c894f8\" data-id=\"5c894f8\" data-element_type=\"column\">\n\t\t\t<div class=\"elementor-widget-wrap elementor-element-populated\">\n\t\t\t\t\t\t<div class=\"elementor-element elementor-element-722844a elementor-widget elementor-widget-image\" data-id=\"722844a\" data-element_type=\"widget\" data-widget_type=\"image.default\">\n\t\t\t\t<div class=\"elementor-widget-container\">\n\t\t\t\t\t\t\t\t\t\t\t\t\t<img decoding=\"async\" width=\"1920\" height=\"847\" src=\"https:\/\/www.corumbeltur.com.tr\/wp-content\/uploads\/2024\/09\/01-5.jpg\" class=\"attachment-full size-full wp-image-7468\" alt=\"\" srcset=\"https:\/\/www.corumbeltur.com.tr\/wp-content\/uploads\/2024\/09\/01-5.jpg 1920w, https:\/\/www.corumbeltur.com.tr\/wp-content\/uploads\/2024\/09\/01-5-600x265.jpg 600w, https:\/\/www.corumbeltur.com.tr\/wp-content\/uploads\/2024\/09\/01-5-300x132.jpg 300w, https:\/\/www.corumbeltur.com.tr\/wp-content\/uploads\/2024\/09\/01-5-1024x452.jpg 1024w, https:\/\/www.corumbeltur.com.tr\/wp-content\/uploads\/2024\/09\/01-5-768x339.jpg 768w, https:\/\/www.corumbeltur.com.tr\/wp-content\/uploads\/2024\/09\/01-5-1536x678.jpg 1536w\" sizes=\"(max-width: 1920px) 100vw, 1920px\" \/>\t\t\t\t\t\t\t\t\t\t\t\t\t<\/div>\n\t\t\t\t<\/div>\n\t\t\t\t\t<\/div>\n\t\t<\/div>\n\t\t\t\t\t<\/div>\n\t\t<\/section>\n\t\t\t\t<div class=\"elementor-element elementor-element-8309511 elementor-widget elementor-widget-spacer\" data-id=\"8309511\" data-element_type=\"widget\" data-widget_type=\"spacer.default\">\n\t\t\t\t<div class=\"elementor-widget-container\">\n\t\t\t\t\t<div class=\"elementor-spacer\">\n\t\t\t<div class=\"elementor-spacer-inner\"><\/div>\n\t\t<\/div>\n\t\t\t\t<\/div>\n\t\t\t\t<\/div>\n\t\t\t\t<section class=\"elementor-section elementor-inner-section elementor-element elementor-element-f532aa0 elementor-section-content-middle elementor-section-boxed elementor-section-height-default elementor-section-height-default\" data-id=\"f532aa0\" data-element_type=\"section\">\n\t\t\t\t\t\t<div class=\"elementor-container elementor-column-gap-no\">\n\t\t\t\t\t<div class=\"elementor-column elementor-col-50 elementor-inner-column elementor-element elementor-element-a66bc47\" data-id=\"a66bc47\" data-element_type=\"column\">\n\t\t\t<div class=\"elementor-widget-wrap elementor-element-populated\">\n\t\t\t\t\t\t<div class=\"elementor-element elementor-element-252105e elementor-widget elementor-widget-image\" data-id=\"252105e\" data-element_type=\"widget\" data-widget_type=\"image.default\">\n\t\t\t\t<div class=\"elementor-widget-container\">\n\t\t\t\t\t\t\t\t\t\t\t\t\t<img decoding=\"async\" width=\"1920\" height=\"847\" src=\"https:\/\/www.corumbeltur.com.tr\/wp-content\/uploads\/2024\/09\/02-2.jpg\" class=\"attachment-full size-full wp-image-7469\" alt=\"\" srcset=\"https:\/\/www.corumbeltur.com.tr\/wp-content\/uploads\/2024\/09\/02-2.jpg 1920w, https:\/\/www.corumbeltur.com.tr\/wp-content\/uploads\/2024\/09\/02-2-600x265.jpg 600w, https:\/\/www.corumbeltur.com.tr\/wp-content\/uploads\/2024\/09\/02-2-300x132.jpg 300w, https:\/\/www.corumbeltur.com.tr\/wp-content\/uploads\/2024\/09\/02-2-1024x452.jpg 1024w, https:\/\/www.corumbeltur.com.tr\/wp-content\/uploads\/2024\/09\/02-2-768x339.jpg 768w, https:\/\/www.corumbeltur.com.tr\/wp-content\/uploads\/2024\/09\/02-2-1536x678.jpg 1536w\" sizes=\"(max-width: 1920px) 100vw, 1920px\" \/>\t\t\t\t\t\t\t\t\t\t\t\t\t<\/div>\n\t\t\t\t<\/div>\n\t\t\t\t\t<\/div>\n\t\t<\/div>\n\t\t\t\t<div class=\"elementor-column elementor-col-50 elementor-inner-column elementor-element elementor-element-ed00a73\" data-id=\"ed00a73\" data-element_type=\"column\">\n\t\t\t<div class=\"elementor-widget-wrap elementor-element-populated\">\n\t\t\t\t\t\t<div class=\"elementor-element elementor-element-741552d elementor-widget elementor-widget-haarmaxservices\" data-id=\"741552d\" data-element_type=\"widget\" data-widget_type=\"haarmaxservices.default\">\n\t\t\t\t<div class=\"elementor-widget-container\">\n\t\t\t<!-----------------------Start Services Area-----------------------><div class=\"about-media-wrap\"><div class=\"d-md-flex gap-4 about-media text-center text-md-start\"><div class=\"media-body\"><h4 class=\"fw-semibold mb-1 mt-n1\">Vizyonumuz<\/h4><p>Karde\u015flik, huzur ve bar\u0131\u015f\u0131n simgesi olan \u00c7orum&#039;u, ulusal ve uluslararas\u0131 d\u00fczeyde de\u011fer \u00fcreten, \u00f6rnek al\u0131nan tesislerle donatmay\u0131 hedefliyoruz. Amac\u0131m\u0131z, her bireyin kendini de\u011ferli hissetti\u011fi, sosyal ya\u015fam\u0131n zenginle\u015fti\u011fi ve k\u00fclt\u00fcrel etkile\u015fimin artt\u0131\u011f\u0131 g\u00fcvenilir ortamlar sunmakt\u0131r.\n\u00c7orum\u2019un benzersiz tarih\u00ee ve k\u00fclt\u00fcrel miras\u0131n\u0131 \u00f6n plana \u00e7\u0131kararak, modern ve s\u00fcrd\u00fcr\u00fclebilir hizmet anlay\u0131\u015f\u0131m\u0131zla, sosyal hayata katk\u0131da bulunmay\u0131 ama\u00e7l\u0131yoruz. Geli\u015fen teknolojilerle entegre edilmi\u015f, yenilik\u00e7i \u00e7\u00f6z\u00fcmler sunan tesislerimizle, misafirlerimize en y\u00fcksek kalite standartlar\u0131nda hizmet vermek i\u00e7in s\u00fcrekli kendimizi yeniliyoruz.\nHer alanda memnuniyeti \u00f6n planda tutan aray\u0131\u015f\u0131m\u0131zla, \u015fehrimizi sadece yerel de\u011fil, uluslararas\u0131 platformda da tan\u0131nan bir destinasyon haline getirmeyi hedefliyoruz. \u00c7orum&#039;un, herkesin huzurla ya\u015fayabilece\u011fi, k\u00fclt\u00fcrel zenginliklerin payla\u015f\u0131ld\u0131\u011f\u0131 ve bar\u0131\u015f dolu bir ya\u015fam\u0131n s\u00fcrd\u00fcr\u00fcld\u00fc\u011f\u00fc bir \u015fehir haline gelmesine katk\u0131da bulunmak i\u00e7in kararl\u0131l\u0131kla \u00e7al\u0131\u015f\u0131yoruz.<\/p><\/div><\/div><\/div><!-----------------------End Services Area----------------------->\t\t<\/div>\n\t\t\t\t<\/div>\n\t\t\t\t\t<\/div>\n\t\t<\/div>\n\t\t\t\t\t<\/div>\n\t\t<\/section>\n\t\t\t\t<div class=\"elementor-element elementor-element-36dc907 elementor-widget elementor-widget-spacer\" data-id=\"36dc907\" data-element_type=\"widget\" data-widget_type=\"spacer.default\">\n\t\t\t\t<div class=\"elementor-widget-container\">\n\t\t\t\t\t<div class=\"elementor-spacer\">\n\t\t\t<div class=\"elementor-spacer-inner\"><\/div>\n\t\t<\/div>\n\t\t\t\t<\/div>\n\t\t\t\t<\/div>\n\t\t\t\t\t<\/div>\n\t\t<\/div>\n\t\t\t\t\t<\/div>\n\t\t<\/section>\n\t\t\t\t<section class=\"elementor-section elementor-top-section elementor-element elementor-element-903f2c9 elementor-section-full_width elementor-section-height-default elementor-section-height-default\" data-id=\"903f2c9\" data-element_type=\"section\">\n\t\t\t\t\t\t<div class=\"elementor-container elementor-column-gap-no\">\n\t\t\t\t\t<div class=\"elementor-column elementor-col-100 elementor-top-column elementor-element elementor-element-6180950\" data-id=\"6180950\" data-element_type=\"column\">\n\t\t\t<div class=\"elementor-widget-wrap elementor-element-populated\">\n\t\t\t\t\t\t<section class=\"elementor-section elementor-inner-section elementor-element elementor-element-7f7a9cd elementor-section-full_width elementor-section-height-default elementor-section-height-default\" data-id=\"7f7a9cd\" data-element_type=\"section\">\n\t\t\t\t\t\t<div class=\"elementor-container elementor-column-gap-no\">\n\t\t\t\t\t<div class=\"elementor-column elementor-col-100 elementor-inner-column elementor-element elementor-element-9ad99ec\" data-id=\"9ad99ec\" data-element_type=\"column\">\n\t\t\t<div class=\"elementor-widget-wrap elementor-element-populated\">\n\t\t\t\t\t\t<div class=\"elementor-element elementor-element-83e4f9c elementor-widget elementor-widget-haarmaxinstagramgallery\" data-id=\"83e4f9c\" data-element_type=\"widget\" data-widget_type=\"haarmaxinstagramgallery.default\">\n\t\t\t\t<div class=\"elementor-widget-container\">\n\t\t\t<!-----------------------Start Instagram Gallery-----------------------><div class=\"vs-gallery-wrapper  \"><div class=\"container-fluid px-xxl-0 overflow-hidden\"><div id=\"gallery-slide-insta\" class=\"row gallery-cutted-slide\"><div class=\"col-auto\"><div class=\"gallery-cutted gallery-thumb\"><a href=\"https:\/\/www.corumbeltur.com.tr\/wp-content\/uploads\/2024\/09\/dsc-4606-2702x1800_large.jpg\" class=\"icon-thumb popup-image\"><i class=\"fab fa-instagram\"><\/i><\/a><img decoding=\"async\" src=\"https:\/\/www.corumbeltur.com.tr\/wp-content\/uploads\/2024\/09\/dsc-4606-2702x1800_large.jpg\" alt=\"Gallery image\" class=\"w-100\"><\/div><\/div><div class=\"col-auto\"><div class=\"gallery-cutted gallery-thumb\"><a href=\"https:\/\/www.corumbeltur.com.tr\/wp-content\/uploads\/2024\/09\/IMG_1917-scaled.jpg\" class=\"icon-thumb popup-image\"><i class=\"fab fa-instagram\"><\/i><\/a><img decoding=\"async\" src=\"https:\/\/www.corumbeltur.com.tr\/wp-content\/uploads\/2024\/09\/IMG_1917-scaled.jpg\" alt=\"Gallery image\" class=\"w-100\"><\/div><\/div><div class=\"col-auto\"><div class=\"gallery-cutted gallery-thumb\"><a href=\"https:\/\/www.corumbeltur.com.tr\/wp-content\/uploads\/2024\/09\/IMG_1806-scaled.jpg\" class=\"icon-thumb popup-image\"><i class=\"fab fa-instagram\"><\/i><\/a><img decoding=\"async\" src=\"https:\/\/www.corumbeltur.com.tr\/wp-content\/uploads\/2024\/09\/IMG_1806-scaled.jpg\" alt=\"Gallery image\" class=\"w-100\"><\/div><\/div><div class=\"col-auto\"><div class=\"gallery-cutted gallery-thumb\"><a href=\"https:\/\/www.corumbeltur.com.tr\/wp-content\/uploads\/2024\/09\/IMG_1810-scaled.jpg\" class=\"icon-thumb popup-image\"><i class=\"fab fa-instagram\"><\/i><\/a><img decoding=\"async\" src=\"https:\/\/www.corumbeltur.com.tr\/wp-content\/uploads\/2024\/09\/IMG_1810-scaled.jpg\" alt=\"Gallery image\" class=\"w-100\"><\/div><\/div><div class=\"col-auto\"><div class=\"gallery-cutted gallery-thumb\"><a href=\"https:\/\/www.corumbeltur.com.tr\/wp-content\/uploads\/2024\/09\/IMG_1918-scaled.jpg\" class=\"icon-thumb popup-image\"><i class=\"fab fa-instagram\"><\/i><\/a><img decoding=\"async\" src=\"https:\/\/www.corumbeltur.com.tr\/wp-content\/uploads\/2024\/09\/IMG_1918-scaled.jpg\" alt=\"Gallery image\" class=\"w-100\"><\/div><\/div><div class=\"col-auto\"><div class=\"gallery-cutted gallery-thumb\"><a href=\"https:\/\/www.corumbeltur.com.tr\/wp-content\/uploads\/2024\/09\/IMG_1795-scaled.jpg\" class=\"icon-thumb popup-image\"><i class=\"fab fa-instagram\"><\/i><\/a><img decoding=\"async\" src=\"https:\/\/www.corumbeltur.com.tr\/wp-content\/uploads\/2024\/09\/IMG_1795-scaled.jpg\" alt=\"Gallery image\" class=\"w-100\"><\/div><\/div><div class=\"col-auto\"><div class=\"gallery-cutted gallery-thumb\"><a href=\"https:\/\/www.corumbeltur.com.tr\/wp-content\/uploads\/2024\/09\/IMG_1790-scaled.jpg\" class=\"icon-thumb popup-image\"><i class=\"fab fa-instagram\"><\/i><\/a><img decoding=\"async\" src=\"https:\/\/www.corumbeltur.com.tr\/wp-content\/uploads\/2024\/09\/IMG_1790-scaled.jpg\" alt=\"Gallery image\" class=\"w-100\"><\/div><\/div><div class=\"col-auto\"><div class=\"gallery-cutted gallery-thumb\"><a href=\"https:\/\/www.corumbeltur.com.tr\/wp-content\/uploads\/2024\/09\/IMG_1928-scaled.jpg\" class=\"icon-thumb popup-image\"><i class=\"fab fa-instagram\"><\/i><\/a><img decoding=\"async\" src=\"https:\/\/www.corumbeltur.com.tr\/wp-content\/uploads\/2024\/09\/IMG_1928-scaled.jpg\" alt=\"Gallery image\" class=\"w-100\"><\/div><\/div><div class=\"col-auto\"><div class=\"gallery-cutted gallery-thumb\"><a href=\"https:\/\/www.corumbeltur.com.tr\/wp-content\/uploads\/2024\/09\/dsc-4541-2702x1800_large.jpg\" class=\"icon-thumb popup-image\"><i class=\"fab fa-instagram\"><\/i><\/a><img decoding=\"async\" src=\"https:\/\/www.corumbeltur.com.tr\/wp-content\/uploads\/2024\/09\/dsc-4541-2702x1800_large.jpg\" alt=\"Gallery image\" class=\"w-100\"><\/div><\/div><\/div><div class=\"pt-40 d-flex justify-content-center gap-4\"><button data-slick-prev=\"#gallery-slide-insta\" class=\"slick-arrow slick-prev default\"><span class=\"long-arrow\"><\/span><\/button><button data-slick-next=\"#gallery-slide-insta\" class=\"slick-arrow slick-next default\"><span class=\"long-arrow\"><\/span><\/button><\/div><\/div><\/div><!-----------------------End Instagram Gallery----------------------->\t\t<\/div>\n\t\t\t\t<\/div>\n\t\t\t\t<div class=\"elementor-element elementor-element-7f89d19 elementor-widget elementor-widget-haarmaxsectiontitle\" data-id=\"7f89d19\" data-element_type=\"widget\" data-widget_type=\"haarmaxsectiontitle.default\">\n\t\t\t\t<div class=\"elementor-widget-container\">\n\t\t\t<div class=\"section-title\" ><div class=\"sec-icon\"><img decoding=\"async\" src=\"https:\/\/www.corumbeltur.com.tr\/wp-content\/uploads\/2024\/09\/logoo-e1727097249486.png\" alt=\"logoo e1727097249486\"  \/><\/div><span class=\"sub-title subtitle-selector\">\u00c7orum Beltur K\u00fclt\u00fcr Turizm Ticaret A.\u015e.<\/span><h2 class=\"sec-title title-selector\">Y\u00d6NET\u0130M KURULU<\/h2><\/div>\t\t<\/div>\n\t\t\t\t<\/div>\n\t\t\t\t\t<\/div>\n\t\t<\/div>\n\t\t\t\t\t<\/div>\n\t\t<\/section>\n\t\t\t\t<section class=\"elementor-section elementor-inner-section elementor-element elementor-element-8b05b7b elementor-section-full_width elementor-section-height-default elementor-section-height-default\" data-id=\"8b05b7b\" data-element_type=\"section\">\n\t\t\t\t\t\t<div class=\"elementor-container elementor-column-gap-no\">\n\t\t\t\t\t<div class=\"elementor-column elementor-col-100 elementor-inner-column elementor-element elementor-element-34e127a\" data-id=\"34e127a\" data-element_type=\"column\">\n\t\t\t<div class=\"elementor-widget-wrap elementor-element-populated\">\n\t\t\t\t\t\t<div class=\"elementor-element elementor-element-6bf02e1 elementor-widget elementor-widget-haarmaxnewteammember\" data-id=\"6bf02e1\" data-element_type=\"widget\" data-widget_type=\"haarmaxnewteammember.default\">\n\t\t\t\t<div class=\"elementor-widget-container\">\n\t\t\t<section class=\"vs-team-wrapper vs-team-layout2\"><div class=\"container\"><div class=\"vs-carousel row\" data-slide-to-show=\"3\"><div class=\"col-xl-4\"><div class=\"vs-team\"><div class=\"vs-team-img image-scale-hover\"><img decoding=\"async\" src=\"https:\/\/www.corumbeltur.com.tr\/wp-content\/uploads\/2024\/09\/YAGBAT-e1727097373181.jpg\" alt=\"YAGBAT e1727097373181\"  class=\"w-100\" \/><\/div><div class=\"vs-team-content\"><ul class=\"social-links links-hover-border\"><\/ul><span class=\"plus-icon\"><i class=\"far fa-plus\"><\/i><\/span><span class=\"vs-team-degi\">Y\u00f6netim Kurulu Ba\u015fkan\u0131<\/span><h3 class=\"h4 vs-team-name mb-0\">\u0130smail YA\u011eBAT<\/h3><\/div><\/div><\/div><div class=\"col-xl-4\"><div class=\"vs-team\"><div class=\"vs-team-img image-scale-hover\"><a  target=\"_blank\" rel=\"nofollow\" href=\"#\"><img decoding=\"async\" src=\"https:\/\/www.corumbeltur.com.tr\/wp-content\/uploads\/2024\/09\/unsal-yeter-e1727097847284.jpg\" alt=\"unsal yeter e1727097847284\"  class=\"w-100\" \/><\/a><\/div><div class=\"vs-team-content\"><ul class=\"social-links links-hover-border\"><\/ul><span class=\"plus-icon\"><i class=\"far fa-plus\"><\/i><\/span><span class=\"vs-team-degi\">Y\u00f6netim Kurulu \u00dcyesi<\/span><h3 class=\"h4 vs-team-name mb-0\"><a  target=\"_blank\" rel=\"nofollow\" href=\"#\">\u00dcnsal YETER<\/a><\/h3><\/div><\/div><\/div><div class=\"col-xl-4\"><div class=\"vs-team\"><div class=\"vs-team-img image-scale-hover\"><a  target=\"_blank\" rel=\"nofollow\" href=\"#\"><img decoding=\"async\" src=\"https:\/\/www.corumbeltur.com.tr\/wp-content\/uploads\/2024\/09\/aykut.jpg\" alt=\"aykut\"  class=\"w-100\" \/><\/a><\/div><div class=\"vs-team-content\"><ul class=\"social-links links-hover-border\"><\/ul><span class=\"plus-icon\"><i class=\"far fa-plus\"><\/i><\/span><span class=\"vs-team-degi\">Y\u00f6netim Kurulu \u00dcyesi<\/span><h3 class=\"h4 vs-team-name mb-0\"><a  target=\"_blank\" rel=\"nofollow\" href=\"#\">Aykut YA\u011eLI<\/a><\/h3><\/div><\/div><\/div><\/div><\/div><\/section>\t\t<\/div>\n\t\t\t\t<\/div>\n\t\t\t\t\t<\/div>\n\t\t<\/div>\n\t\t\t\t\t<\/div>\n\t\t<\/section>\n\t\t\t\t\t<\/div>\n\t\t<\/div>\n\t\t\t\t\t<\/div>\n\t\t<\/section>\n\t\t\t\t<\/div>\n\t\t","protected":false},"excerpt":{"rendered":"<p>Hakk\u0131m\u0131zda \u00c7orum Belediyesi&#039;nin bir i\u015ftiraki olarak faaliyet g\u00f6steren \u00c7orum Beltur K\u00fclt\u00fcr Turizm Ticaret A.\u015e., \u015fehrimize 15 farkl\u0131 \u015fubesiyle kapsaml\u0131 hizmet sunmaktad\u0131r. Bu \u015fubeler aras\u0131nda bir restoran, \u00fc\u00e7 Veli Pa\u015fa kahvecisi, alt\u0131 sosyal tesis, iki karavanla sat\u0131\u015f arac\u0131, bir d\u00fc\u011f\u00fcn salonu, iki \u015fubeli kad\u0131n el eme\u011fi \u00e7ar\u015f\u0131s\u0131 yer almaktad\u0131r. Amac\u0131m\u0131z, \u00c7orum&#039;un sosyal ve k\u00fclt\u00fcrel ya\u015fam\u0131na zenginlik&#8230;<\/p>\n","protected":false},"author":1,"featured_media":0,"parent":0,"menu_order":2,"comment_status":"closed","ping_status":"closed","template":"template-builder.php","meta":{"footnotes":""},"class_list":["post-2873","page","type-page","status-publish","hentry"],"_links":{"self":[{"href":"https:\/\/www.corumbeltur.com.tr\/index.php?rest_route=\/wp\/v2\/pages\/2873","targetHints":{"allow":["GET"]}}],"collection":[{"href":"https:\/\/www.corumbeltur.com.tr\/index.php?rest_route=\/wp\/v2\/pages"}],"about":[{"href":"https:\/\/www.corumbeltur.com.tr\/index.php?rest_route=\/wp\/v2\/types\/page"}],"author":[{"embeddable":true,"href":"https:\/\/www.corumbeltur.com.tr\/index.php?rest_route=\/wp\/v2\/users\/1"}],"replies":[{"embeddable":true,"href":"https:\/\/www.corumbeltur.com.tr\/index.php?rest_route=%2Fwp%2Fv2%2Fcomments&post=2873"}],"version-history":[{"count":66,"href":"https:\/\/www.corumbeltur.com.tr\/index.php?rest_route=\/wp\/v2\/pages\/2873\/revisions"}],"predecessor-version":[{"id":9698,"href":"https:\/\/www.corumbeltur.com.tr\/index.php?rest_route=\/wp\/v2\/pages\/2873\/revisions\/9698"}],"wp:attachment":[{"href":"https:\/\/www.corumbeltur.com.tr\/index.php?rest_route=%2Fwp%2Fv2%2Fmedia&parent=2873"}],"curies":[{"name":"wp","href":"https:\/\/api.w.org\/{rel}","templated":true}]}}