{"id":2922,"date":"2021-09-15T10:38:05","date_gmt":"2021-09-15T10:38:05","guid":{"rendered":"https:\/\/wordpress.vecurosoft.com\/haarino\/?page_id=2922"},"modified":"2024-10-28T09:08:28","modified_gmt":"2024-10-28T06:08:28","slug":"contact","status":"publish","type":"page","link":"https:\/\/www.corumbeltur.com.tr\/?page_id=2922","title":{"rendered":"\u0130leti\u015fim"},"content":{"rendered":"\t\t<div data-elementor-type=\"wp-page\" data-elementor-id=\"2922\" class=\"elementor elementor-2922\">\n\t\t\t\t\t\t<section class=\"elementor-section elementor-top-section elementor-element elementor-element-8e5ceb7 elementor-section-full_width elementor-section-height-default elementor-section-height-default\" data-id=\"8e5ceb7\" data-element_type=\"section\">\n\t\t\t\t\t\t<div class=\"elementor-container elementor-column-gap-no\">\n\t\t\t\t\t<div class=\"elementor-column elementor-col-100 elementor-top-column elementor-element elementor-element-39e5d06\" data-id=\"39e5d06\" data-element_type=\"column\">\n\t\t\t<div class=\"elementor-widget-wrap elementor-element-populated\">\n\t\t\t\t\t\t<section class=\"elementor-section elementor-inner-section elementor-element elementor-element-d64002c elementor-section-boxed elementor-section-height-default elementor-section-height-default\" data-id=\"d64002c\" data-element_type=\"section\">\n\t\t\t\t\t\t<div class=\"elementor-container elementor-column-gap-no\">\n\t\t\t\t\t<div class=\"elementor-column elementor-col-100 elementor-inner-column elementor-element elementor-element-bbde69e\" data-id=\"bbde69e\" data-element_type=\"column\">\n\t\t\t<div class=\"elementor-widget-wrap elementor-element-populated\">\n\t\t\t\t\t\t<div class=\"elementor-element elementor-element-4e00da9 elementor-widget elementor-widget-haarmaxsectiontitle\" data-id=\"4e00da9\" data-element_type=\"widget\" data-widget_type=\"haarmaxsectiontitle.default\">\n\t\t\t\t<div class=\"elementor-widget-container\">\n\t\t\t<div class=\"section-title\" ><h2 class=\"sec-title title-selector\">Bize Ula\u015f\u0131n<\/h2><p class=\"desc\">Bizimle ileti\u015fime ge\u00e7in, en k\u0131sa s\u00fcrede geri d\u00f6n\u00fc\u015f sa\u011flayaca\u011f\u0131z.<\/p><\/div>\t\t<\/div>\n\t\t\t\t<\/div>\n\t\t\t\t\t<\/div>\n\t\t<\/div>\n\t\t\t\t\t<\/div>\n\t\t<\/section>\n\t\t\t\t<section class=\"elementor-section elementor-inner-section elementor-element elementor-element-734e419 elementor-section-boxed elementor-section-height-default elementor-section-height-default\" data-id=\"734e419\" data-element_type=\"section\">\n\t\t\t\t\t\t<div class=\"elementor-container elementor-column-gap-no\">\n\t\t\t\t\t<div class=\"elementor-column elementor-col-50 elementor-inner-column elementor-element elementor-element-3c869e1\" data-id=\"3c869e1\" data-element_type=\"column\">\n\t\t\t<div class=\"elementor-widget-wrap elementor-element-populated\">\n\t\t\t\t\t\t<div class=\"elementor-element elementor-element-53a81c3 elementor-widget elementor-widget-shortcode\" data-id=\"53a81c3\" data-element_type=\"widget\" data-widget_type=\"shortcode.default\">\n\t\t\t\t<div class=\"elementor-widget-container\">\n\t\t\t\t\t<div class=\"elementor-shortcode\"><div class=\"wpforms-container wpforms-container-full\" id=\"wpforms-7152\"><form id=\"wpforms-form-7152\" class=\"wpforms-validate wpforms-form wpforms-ajax-form\" data-formid=\"7152\" method=\"post\" enctype=\"multipart\/form-data\" action=\"\/index.php?rest_route=%2Fwp%2Fv2%2Fpages%2F2922\" data-token=\"61e74c819eb87174e6e4317d935972a4\"><noscript class=\"wpforms-error-noscript\">Bu formu bitirebilmek i\u00e7in taray\u0131c\u0131n\u0131zda JavaScript&#039;i etkinle\u015ftirin.<\/noscript><div class=\"wpforms-field-container\"><div id=\"wpforms-7152-field_1-container\" class=\"wpforms-field wpforms-field-name\" data-field-id=\"1\"><label class=\"wpforms-field-label wpforms-label-hide\" for=\"wpforms-7152-field_1\">Ad Soyad <span class=\"wpforms-required-label\">*<\/span><\/label><div class=\"wpforms-field-row wpforms-field-large\"><div class=\"wpforms-field-row-block wpforms-first wpforms-one-half\"><input type=\"text\" id=\"wpforms-7152-field_1\" class=\"wpforms-field-name-first wpforms-field-required\" name=\"wpforms[fields][1][first]\" placeholder=\"Ad*\" required><label for=\"wpforms-7152-field_1\" class=\"wpforms-field-sublabel after wpforms-sublabel-hide\">Ad<\/label><\/div><div class=\"wpforms-field-row-block wpforms-one-half\"><input type=\"text\" id=\"wpforms-7152-field_1-last\" class=\"wpforms-field-name-last wpforms-field-required\" name=\"wpforms[fields][1][last]\" placeholder=\"Soyad*\" required><label for=\"wpforms-7152-field_1-last\" class=\"wpforms-field-sublabel after wpforms-sublabel-hide\">Soyad<\/label><\/div><\/div><\/div><div id=\"wpforms-7152-field_2-container\" class=\"wpforms-field wpforms-field-email\" data-field-id=\"2\"><label class=\"wpforms-field-label wpforms-label-hide\" for=\"wpforms-7152-field_2\">E-posta <span class=\"wpforms-required-label\">*<\/span><\/label><input type=\"email\" id=\"wpforms-7152-field_2\" class=\"wpforms-field-large wpforms-field-required\" name=\"wpforms[fields][2]\" placeholder=\"E-posta*\" required><\/div><div id=\"wpforms-7152-field_3-container\" class=\"wpforms-field wpforms-field-phone\" data-field-id=\"3\"><label class=\"wpforms-field-label wpforms-label-hide\" for=\"wpforms-7152-field_3\">Telefon<\/label><input type=\"tel\" id=\"wpforms-7152-field_3\" class=\"wpforms-field-large wpforms-smart-phone-field\" data-rule-smart-phone-field=\"true\" name=\"wpforms[fields][3]\" placeholder=\"Telefon\" ><\/div><div id=\"wpforms-7152-field_12-container\" class=\"wpforms-field wpforms-field-select wpforms-field-select-style-classic\" data-field-id=\"12\"><label class=\"wpforms-field-label wpforms-label-hide\" for=\"wpforms-7152-field_12\">Mekan <span class=\"wpforms-required-label\">*<\/span><\/label><select id=\"wpforms-7152-field_12\" class=\"wpforms-field-large wpforms-field-required\" name=\"wpforms[fields][12]\" required=\"required\"><option value=\"\" class=\"placeholder\" disabled  selected='selected'>Mekan Se\u00e7iniz*<\/option><option value=\"Millet Bah\u00e7esi\" >Millet Bah\u00e7esi<\/option><option value=\"Pirbaba\" >Pirbaba<\/option><option value=\"G\u00fcng\u00f6rm\u00fc\u015fler\" >G\u00fcng\u00f6rm\u00fc\u015fler<\/option><option value=\"Meydan\" >Meydan<\/option><option value=\"Y\u00f6resel \u00c7orum Mutfa\u011f\u0131\" >Y\u00f6resel \u00c7orum Mutfa\u011f\u0131<\/option><option value=\"Velipa\u015fa Kahvecisi\" >Velipa\u015fa Kahvecisi<\/option><option value=\"Velipa\u015fa Kahvecisi Kamp\u00fcs\" >Velipa\u015fa Kahvecisi Kamp\u00fcs<\/option><option value=\"Velipa\u015fa Kahvecisi Bedesten\" >Velipa\u015fa Kahvecisi Bedesten<\/option><option value=\"Kad\u0131n El Eme\u011fi \u00c7ar\u015f\u0131s\u0131\" >Kad\u0131n El Eme\u011fi \u00c7ar\u015f\u0131s\u0131<\/option><option value=\"\u00c7orum Belediyesi D\u00fc\u011f\u00fcn Salonu\" >\u00c7orum Belediyesi D\u00fc\u011f\u00fcn Salonu<\/option><option value=\"\u00c7oruminia\" >\u00c7oruminia<\/option><option value=\"Karavan\" >Karavan<\/option><option value=\"Emekliler Lokali\" >Emekliler Lokali<\/option><\/select><\/div><div id=\"wpforms-7152-field_6-container\" class=\"wpforms-field wpforms-field-text\" data-field-id=\"6\"><label class=\"wpforms-field-label wpforms-label-hide\" for=\"wpforms-7152-field_6\">Konu <span class=\"wpforms-required-label\">*<\/span><\/label><input type=\"text\" id=\"wpforms-7152-field_6\" class=\"wpforms-field-large wpforms-field-required\" name=\"wpforms[fields][6]\" placeholder=\"Konu*\" required><\/div><div id=\"wpforms-7152-field_7-container\" class=\"wpforms-field wpforms-field-textarea\" data-field-id=\"7\"><label class=\"wpforms-field-label wpforms-label-hide\" for=\"wpforms-7152-field_7\">Mesaj <span class=\"wpforms-required-label\">*<\/span><\/label><textarea id=\"wpforms-7152-field_7\" class=\"wpforms-field-medium wpforms-field-required\" name=\"wpforms[fields][7]\" placeholder=\"Mesaj*\" required><\/textarea><\/div><div id=\"wpforms-7152-field_11-container\" class=\"wpforms-field wpforms-field-html\" data-field-id=\"11\"><div id=\"wpforms-7152-field_11\">G\u00f6nder butonuna bast\u0131\u011f\u0131n\u0131zda <a href=\"https:\/\/www.corum.bel.tr\/kvkk\/genel-aydinlatma-metni\" target=\"_blank\">\u0130leti\u015fim formu ayd\u0131nlatma metni<\/a>'ni okumu\u015f ve onaylam\u0131\u015f kabul edilirsiniz.<\/div><\/div><\/div><div class=\"wpforms-submit-container\"><input type=\"hidden\" name=\"wpforms[id]\" value=\"7152\"><input type=\"hidden\" name=\"wpforms[author]\" value=\"1\"><button type=\"submit\" name=\"wpforms[submit]\" id=\"wpforms-submit-7152\" class=\"wpforms-submit\" data-alt-text=\"G\u00f6nderiliyor...\" data-submit-text=\"G\u00f6nder\" aria-live=\"assertive\" value=\"wpforms-submit\">G\u00f6nder<\/button><img decoding=\"async\" src=\"https:\/\/www.corumbeltur.com.tr\/wp-content\/plugins\/wpforms\/assets\/images\/submit-spin.svg\" class=\"wpforms-submit-spinner\" style=\"display: none;\" width=\"26\" height=\"26\" alt=\"\"><\/div><\/form><\/div>  <!-- .wpforms-container --><\/div>\n\t\t\t\t<\/div>\n\t\t\t\t<\/div>\n\t\t\t\t\t<\/div>\n\t\t<\/div>\n\t\t\t\t<div class=\"elementor-column elementor-col-50 elementor-inner-column elementor-element elementor-element-f6a9f73\" data-id=\"f6a9f73\" data-element_type=\"column\">\n\t\t\t<div class=\"elementor-widget-wrap elementor-element-populated\">\n\t\t\t\t\t\t<div class=\"elementor-element elementor-element-b9bf4c3 elementor-widget elementor-widget-text-editor\" data-id=\"b9bf4c3\" data-element_type=\"widget\" data-widget_type=\"text-editor.default\">\n\t\t\t\t<div class=\"elementor-widget-container\">\n\t\t\t\t\t\t\t<div class=\"vs-info-table\"><table><tbody><tr><td>Unvan<\/td><td><p class=\"DUwDvf lfPIob\">\u00c7orum Beltur K\u00fclt\u00fcr Turizm Ticaret A.\u015e.<\/p><\/td><\/tr><tr><td>Telefon:<\/td><td>0 (364) 319 24 19<\/td><\/tr><tr><td>E-posta:<\/td><td>tesisler@corum.bel.tr<\/td><\/tr><tr><td>Adres:<\/td><td><p>\u00c7epni Mah. \u00d6\u011fretmen Lisesi 3. Cad. Millet Bah\u00e7esi, No: 1, \u00c7ORUM<\/p><\/td><\/tr><\/tbody><\/table><\/div>\t\t\t\t\t\t<\/div>\n\t\t\t\t<\/div>\n\t\t\t\t\t<\/div>\n\t\t<\/div>\n\t\t\t\t\t<\/div>\n\t\t<\/section>\n\t\t\t\t<section class=\"elementor-section elementor-inner-section elementor-element elementor-element-f389f16 elementor-section-full_width elementor-section-height-default elementor-section-height-default\" data-id=\"f389f16\" data-element_type=\"section\">\n\t\t\t\t\t\t<div class=\"elementor-container elementor-column-gap-no\">\n\t\t\t\t\t<div class=\"elementor-column elementor-col-100 elementor-inner-column elementor-element elementor-element-28b8c1b\" data-id=\"28b8c1b\" data-element_type=\"column\">\n\t\t\t<div class=\"elementor-widget-wrap elementor-element-populated\">\n\t\t\t\t\t\t<div class=\"elementor-element elementor-element-1926dd9 elementor-widget elementor-widget-google_maps\" data-id=\"1926dd9\" data-element_type=\"widget\" data-widget_type=\"google_maps.default\">\n\t\t\t\t<div class=\"elementor-widget-container\">\n\t\t\t\t\t<div class=\"elementor-custom-embed\">\n\t\t\t<iframe loading=\"lazy\"\n\t\t\t\t\tsrc=\"https:\/\/maps.google.com\/maps?q=%C3%87or%20Beltur%20K%C3%BClt%C3%BCr%20Ticaret%20A.%C5%9E.&#038;t=m&#038;z=17&#038;output=embed&#038;iwloc=near\"\n\t\t\t\t\ttitle=\"\u00c7or Beltur K\u00fclt\u00fcr Ticaret A.\u015e.\"\n\t\t\t\t\taria-label=\"\u00c7or Beltur K\u00fclt\u00fcr Ticaret A.\u015e.\"\n\t\t\t><\/iframe>\n\t\t<\/div>\n\t\t\t\t<\/div>\n\t\t\t\t<\/div>\n\t\t\t\t\t<\/div>\n\t\t<\/div>\n\t\t\t\t\t<\/div>\n\t\t<\/section>\n\t\t\t\t\t<\/div>\n\t\t<\/div>\n\t\t\t\t\t<\/div>\n\t\t<\/section>\n\t\t\t\t<\/div>\n\t\t","protected":false},"excerpt":{"rendered":"<p>Bize Ula\u015f\u0131n Bizimle ileti\u015fime ge\u00e7in, en k\u0131sa s\u00fcrede geri d\u00f6n\u00fc\u015f sa\u011flayaca\u011f\u0131z. Unvan \u00c7orum Beltur K\u00fclt\u00fcr Turizm Ticaret A.\u015e. Telefon: 0 (364) 319 24 19 E-posta: tesisler@corum.bel.tr Adres: \u00c7epni Mah. \u00d6\u011fretmen Lisesi 3. Cad. Millet Bah\u00e7esi, No: 1, \u00c7ORUM<\/p>\n","protected":false},"author":1,"featured_media":0,"parent":0,"menu_order":4,"comment_status":"closed","ping_status":"closed","template":"template-builder.php","meta":{"footnotes":""},"class_list":["post-2922","page","type-page","status-publish","hentry"],"_links":{"self":[{"href":"https:\/\/www.corumbeltur.com.tr\/index.php?rest_route=\/wp\/v2\/pages\/2922","targetHints":{"allow":["GET"]}}],"collection":[{"href":"https:\/\/www.corumbeltur.com.tr\/index.php?rest_route=\/wp\/v2\/pages"}],"about":[{"href":"https:\/\/www.corumbeltur.com.tr\/index.php?rest_route=\/wp\/v2\/types\/page"}],"author":[{"embeddable":true,"href":"https:\/\/www.corumbeltur.com.tr\/index.php?rest_route=\/wp\/v2\/users\/1"}],"replies":[{"embeddable":true,"href":"https:\/\/www.corumbeltur.com.tr\/index.php?rest_route=%2Fwp%2Fv2%2Fcomments&post=2922"}],"version-history":[{"count":54,"href":"https:\/\/www.corumbeltur.com.tr\/index.php?rest_route=\/wp\/v2\/pages\/2922\/revisions"}],"predecessor-version":[{"id":8103,"href":"https:\/\/www.corumbeltur.com.tr\/index.php?rest_route=\/wp\/v2\/pages\/2922\/revisions\/8103"}],"wp:attachment":[{"href":"https:\/\/www.corumbeltur.com.tr\/index.php?rest_route=%2Fwp%2Fv2%2Fmedia&parent=2922"}],"curies":[{"name":"wp","href":"https:\/\/api.w.org\/{rel}","templated":true}]}}