{"id":7293,"date":"2024-09-04T13:50:01","date_gmt":"2024-09-04T10:50:01","guid":{"rendered":"https:\/\/test.corumbeltur.com.tr\/?page_id=7293"},"modified":"2025-04-22T15:22:55","modified_gmt":"2025-04-22T12:22:55","slug":"millet-bahcesi-2","status":"publish","type":"page","link":"https:\/\/www.corumbeltur.com.tr\/?page_id=7293","title":{"rendered":"Pirbaba"},"content":{"rendered":"\t\t<div data-elementor-type=\"wp-page\" data-elementor-id=\"7293\" class=\"elementor elementor-7293\">\n\t\t\t\t<div class=\"elementor-element elementor-element-52b4afd e-flex e-con-boxed e-con e-parent\" data-id=\"52b4afd\" data-element_type=\"container\">\n\t\t\t\t\t<div class=\"e-con-inner\">\n\t\t\t\t<div class=\"elementor-element elementor-element-9237223 elementor-widget elementor-widget-heading\" data-id=\"9237223\" data-element_type=\"widget\" data-widget_type=\"heading.default\">\n\t\t\t\t<div class=\"elementor-widget-container\">\n\t\t\t<h1 class=\"elementor-heading-title elementor-size-default\">Men\u00fc<\/h1>\t\t<\/div>\n\t\t\t\t<\/div>\n\t\t\t\t<div class=\"elementor-element elementor-element-3354ffb elementor-widget elementor-widget-shortcode\" data-id=\"3354ffb\" data-element_type=\"widget\" data-widget_type=\"shortcode.default\">\n\t\t\t\t<div class=\"elementor-widget-container\">\n\t\t\t\t\t<div class=\"elementor-shortcode\"><\/div>\n\t\t\t\t<\/div>\n\t\t\t\t<\/div>\n\t\t\t\t\t<\/div>\n\t\t\t\t<\/div>\n\t\t<div class=\"elementor-element elementor-element-7e4951c e-con-full e-flex e-con e-parent\" data-id=\"7e4951c\" data-element_type=\"container\">\n\t\t\t\t<div class=\"elementor-element elementor-element-ca1e4b0 elementor-widget elementor-widget-heading\" data-id=\"ca1e4b0\" data-element_type=\"widget\" data-widget_type=\"heading.default\">\n\t\t\t\t<div class=\"elementor-widget-container\">\n\t\t\t<h1 class=\"elementor-heading-title elementor-size-default\">Galeri<\/h1>\t\t<\/div>\n\t\t\t\t<\/div>\n\t\t\t\t<div class=\"elementor-element elementor-element-77e30c0 elementor-widget__width-inherit elementor-arrows-position-inside elementor-pagination-position-outside elementor-widget elementor-widget-image-carousel\" data-id=\"77e30c0\" data-element_type=\"widget\" data-settings=\"{&quot;navigation&quot;:&quot;both&quot;,&quot;autoplay&quot;:&quot;yes&quot;,&quot;pause_on_hover&quot;:&quot;yes&quot;,&quot;pause_on_interaction&quot;:&quot;yes&quot;,&quot;autoplay_speed&quot;:5000,&quot;infinite&quot;:&quot;yes&quot;,&quot;speed&quot;:500}\" data-widget_type=\"image-carousel.default\">\n\t\t\t\t<div class=\"elementor-widget-container\">\n\t\t\t\t\t<div class=\"elementor-image-carousel-wrapper swiper\" dir=\"ltr\">\n\t\t\t<div class=\"elementor-image-carousel swiper-wrapper\" aria-live=\"off\">\n\t\t\t\t\t\t\t\t<div class=\"swiper-slide\" role=\"group\" aria-roledescription=\"slide\" aria-label=\"1 \/ 11\"><a data-elementor-open-lightbox=\"yes\" data-elementor-lightbox-slideshow=\"77e30c0\" data-elementor-lightbox-title=\"IMG_1879\" data-e-action-hash=\"#elementor-action%3Aaction%3Dlightbox%26settings%3DeyJpZCI6NzMwOCwidXJsIjoiaHR0cHM6XC9cL3d3dy5jb3J1bWJlbHR1ci5jb20udHJcL3dwLWNvbnRlbnRcL3VwbG9hZHNcLzIwMjRcLzA5XC9JTUdfMTg3OS1zY2FsZWQuanBnIiwic2xpZGVzaG93IjoiNzdlMzBjMCJ9\" href=\"https:\/\/www.corumbeltur.com.tr\/wp-content\/uploads\/2024\/09\/IMG_1879-scaled.jpg\"><figure class=\"swiper-slide-inner\"><img decoding=\"async\" class=\"swiper-slide-image\" src=\"https:\/\/www.corumbeltur.com.tr\/wp-content\/uploads\/2024\/09\/IMG_1879-scaled.jpg\" alt=\"IMG_1879\" \/><\/figure><\/a><\/div><div class=\"swiper-slide\" role=\"group\" aria-roledescription=\"slide\" aria-label=\"2 \/ 11\"><a data-elementor-open-lightbox=\"yes\" data-elementor-lightbox-slideshow=\"77e30c0\" data-elementor-lightbox-title=\"IMG_1881\" data-e-action-hash=\"#elementor-action%3Aaction%3Dlightbox%26settings%3DeyJpZCI6NzMwOSwidXJsIjoiaHR0cHM6XC9cL3d3dy5jb3J1bWJlbHR1ci5jb20udHJcL3dwLWNvbnRlbnRcL3VwbG9hZHNcLzIwMjRcLzA5XC9JTUdfMTg4MS1zY2FsZWQuanBnIiwic2xpZGVzaG93IjoiNzdlMzBjMCJ9\" href=\"https:\/\/www.corumbeltur.com.tr\/wp-content\/uploads\/2024\/09\/IMG_1881-scaled.jpg\"><figure class=\"swiper-slide-inner\"><img decoding=\"async\" class=\"swiper-slide-image\" src=\"https:\/\/www.corumbeltur.com.tr\/wp-content\/uploads\/2024\/09\/IMG_1881-scaled.jpg\" alt=\"IMG_1881\" \/><\/figure><\/a><\/div><div class=\"swiper-slide\" role=\"group\" aria-roledescription=\"slide\" aria-label=\"3 \/ 11\"><a data-elementor-open-lightbox=\"yes\" data-elementor-lightbox-slideshow=\"77e30c0\" data-elementor-lightbox-title=\"IMG_1883\" data-e-action-hash=\"#elementor-action%3Aaction%3Dlightbox%26settings%3DeyJpZCI6NzMxMCwidXJsIjoiaHR0cHM6XC9cL3d3dy5jb3J1bWJlbHR1ci5jb20udHJcL3dwLWNvbnRlbnRcL3VwbG9hZHNcLzIwMjRcLzA5XC9JTUdfMTg4My1zY2FsZWQuanBnIiwic2xpZGVzaG93IjoiNzdlMzBjMCJ9\" href=\"https:\/\/www.corumbeltur.com.tr\/wp-content\/uploads\/2024\/09\/IMG_1883-scaled.jpg\"><figure class=\"swiper-slide-inner\"><img decoding=\"async\" class=\"swiper-slide-image\" src=\"https:\/\/www.corumbeltur.com.tr\/wp-content\/uploads\/2024\/09\/IMG_1883-scaled.jpg\" alt=\"IMG_1883\" \/><\/figure><\/a><\/div><div class=\"swiper-slide\" role=\"group\" aria-roledescription=\"slide\" aria-label=\"4 \/ 11\"><a data-elementor-open-lightbox=\"yes\" data-elementor-lightbox-slideshow=\"77e30c0\" data-elementor-lightbox-title=\"IMG_1885\" data-e-action-hash=\"#elementor-action%3Aaction%3Dlightbox%26settings%3DeyJpZCI6NzMxMSwidXJsIjoiaHR0cHM6XC9cL3d3dy5jb3J1bWJlbHR1ci5jb20udHJcL3dwLWNvbnRlbnRcL3VwbG9hZHNcLzIwMjRcLzA5XC9JTUdfMTg4NS1zY2FsZWQuanBnIiwic2xpZGVzaG93IjoiNzdlMzBjMCJ9\" href=\"https:\/\/www.corumbeltur.com.tr\/wp-content\/uploads\/2024\/09\/IMG_1885-scaled.jpg\"><figure class=\"swiper-slide-inner\"><img decoding=\"async\" class=\"swiper-slide-image\" src=\"https:\/\/www.corumbeltur.com.tr\/wp-content\/uploads\/2024\/09\/IMG_1885-scaled.jpg\" alt=\"IMG_1885\" \/><\/figure><\/a><\/div><div class=\"swiper-slide\" role=\"group\" aria-roledescription=\"slide\" aria-label=\"5 \/ 11\"><a data-elementor-open-lightbox=\"yes\" data-elementor-lightbox-slideshow=\"77e30c0\" data-elementor-lightbox-title=\"IMG_1886\" data-e-action-hash=\"#elementor-action%3Aaction%3Dlightbox%26settings%3DeyJpZCI6NzMxMiwidXJsIjoiaHR0cHM6XC9cL3d3dy5jb3J1bWJlbHR1ci5jb20udHJcL3dwLWNvbnRlbnRcL3VwbG9hZHNcLzIwMjRcLzA5XC9JTUdfMTg4Ni1zY2FsZWQuanBnIiwic2xpZGVzaG93IjoiNzdlMzBjMCJ9\" href=\"https:\/\/www.corumbeltur.com.tr\/wp-content\/uploads\/2024\/09\/IMG_1886-scaled.jpg\"><figure class=\"swiper-slide-inner\"><img decoding=\"async\" class=\"swiper-slide-image\" src=\"https:\/\/www.corumbeltur.com.tr\/wp-content\/uploads\/2024\/09\/IMG_1886-scaled.jpg\" alt=\"IMG_1886\" \/><\/figure><\/a><\/div><div class=\"swiper-slide\" role=\"group\" aria-roledescription=\"slide\" aria-label=\"6 \/ 11\"><a data-elementor-open-lightbox=\"yes\" data-elementor-lightbox-slideshow=\"77e30c0\" data-elementor-lightbox-title=\"IMG_1890\" data-e-action-hash=\"#elementor-action%3Aaction%3Dlightbox%26settings%3DeyJpZCI6NzMxMywidXJsIjoiaHR0cHM6XC9cL3d3dy5jb3J1bWJlbHR1ci5jb20udHJcL3dwLWNvbnRlbnRcL3VwbG9hZHNcLzIwMjRcLzA5XC9JTUdfMTg5MC1zY2FsZWQuanBnIiwic2xpZGVzaG93IjoiNzdlMzBjMCJ9\" href=\"https:\/\/www.corumbeltur.com.tr\/wp-content\/uploads\/2024\/09\/IMG_1890-scaled.jpg\"><figure class=\"swiper-slide-inner\"><img decoding=\"async\" class=\"swiper-slide-image\" src=\"https:\/\/www.corumbeltur.com.tr\/wp-content\/uploads\/2024\/09\/IMG_1890-scaled.jpg\" alt=\"IMG_1890\" \/><\/figure><\/a><\/div><div class=\"swiper-slide\" role=\"group\" aria-roledescription=\"slide\" aria-label=\"7 \/ 11\"><a data-elementor-open-lightbox=\"yes\" data-elementor-lightbox-slideshow=\"77e30c0\" data-elementor-lightbox-title=\"IMG_1892\" data-e-action-hash=\"#elementor-action%3Aaction%3Dlightbox%26settings%3DeyJpZCI6NzMxNCwidXJsIjoiaHR0cHM6XC9cL3d3dy5jb3J1bWJlbHR1ci5jb20udHJcL3dwLWNvbnRlbnRcL3VwbG9hZHNcLzIwMjRcLzA5XC9JTUdfMTg5Mi1zY2FsZWQuanBnIiwic2xpZGVzaG93IjoiNzdlMzBjMCJ9\" href=\"https:\/\/www.corumbeltur.com.tr\/wp-content\/uploads\/2024\/09\/IMG_1892-scaled.jpg\"><figure class=\"swiper-slide-inner\"><img decoding=\"async\" class=\"swiper-slide-image\" src=\"https:\/\/www.corumbeltur.com.tr\/wp-content\/uploads\/2024\/09\/IMG_1892-scaled.jpg\" alt=\"IMG_1892\" \/><\/figure><\/a><\/div><div class=\"swiper-slide\" role=\"group\" aria-roledescription=\"slide\" aria-label=\"8 \/ 11\"><a data-elementor-open-lightbox=\"yes\" data-elementor-lightbox-slideshow=\"77e30c0\" data-elementor-lightbox-title=\"IMG_1897\" data-e-action-hash=\"#elementor-action%3Aaction%3Dlightbox%26settings%3DeyJpZCI6NzMxNiwidXJsIjoiaHR0cHM6XC9cL3d3dy5jb3J1bWJlbHR1ci5jb20udHJcL3dwLWNvbnRlbnRcL3VwbG9hZHNcLzIwMjRcLzA5XC9JTUdfMTg5Ny1zY2FsZWQuanBnIiwic2xpZGVzaG93IjoiNzdlMzBjMCJ9\" href=\"https:\/\/www.corumbeltur.com.tr\/wp-content\/uploads\/2024\/09\/IMG_1897-scaled.jpg\"><figure class=\"swiper-slide-inner\"><img decoding=\"async\" class=\"swiper-slide-image\" src=\"https:\/\/www.corumbeltur.com.tr\/wp-content\/uploads\/2024\/09\/IMG_1897-scaled.jpg\" alt=\"IMG_1897\" \/><\/figure><\/a><\/div><div class=\"swiper-slide\" role=\"group\" aria-roledescription=\"slide\" aria-label=\"9 \/ 11\"><a data-elementor-open-lightbox=\"yes\" data-elementor-lightbox-slideshow=\"77e30c0\" data-elementor-lightbox-title=\"IMG_1899\" data-e-action-hash=\"#elementor-action%3Aaction%3Dlightbox%26settings%3DeyJpZCI6NzMxNywidXJsIjoiaHR0cHM6XC9cL3d3dy5jb3J1bWJlbHR1ci5jb20udHJcL3dwLWNvbnRlbnRcL3VwbG9hZHNcLzIwMjRcLzA5XC9JTUdfMTg5OS1zY2FsZWQuanBnIiwic2xpZGVzaG93IjoiNzdlMzBjMCJ9\" href=\"https:\/\/www.corumbeltur.com.tr\/wp-content\/uploads\/2024\/09\/IMG_1899-scaled.jpg\"><figure class=\"swiper-slide-inner\"><img decoding=\"async\" class=\"swiper-slide-image\" src=\"https:\/\/www.corumbeltur.com.tr\/wp-content\/uploads\/2024\/09\/IMG_1899-scaled.jpg\" alt=\"IMG_1899\" \/><\/figure><\/a><\/div><div class=\"swiper-slide\" role=\"group\" aria-roledescription=\"slide\" aria-label=\"10 \/ 11\"><a data-elementor-open-lightbox=\"yes\" data-elementor-lightbox-slideshow=\"77e30c0\" data-elementor-lightbox-title=\"IMG_1907\" data-e-action-hash=\"#elementor-action%3Aaction%3Dlightbox%26settings%3DeyJpZCI6NzMxOCwidXJsIjoiaHR0cHM6XC9cL3d3dy5jb3J1bWJlbHR1ci5jb20udHJcL3dwLWNvbnRlbnRcL3VwbG9hZHNcLzIwMjRcLzA5XC9JTUdfMTkwNy1zY2FsZWQuanBnIiwic2xpZGVzaG93IjoiNzdlMzBjMCJ9\" href=\"https:\/\/www.corumbeltur.com.tr\/wp-content\/uploads\/2024\/09\/IMG_1907-scaled.jpg\"><figure class=\"swiper-slide-inner\"><img decoding=\"async\" class=\"swiper-slide-image\" src=\"https:\/\/www.corumbeltur.com.tr\/wp-content\/uploads\/2024\/09\/IMG_1907-scaled.jpg\" alt=\"IMG_1907\" \/><\/figure><\/a><\/div><div class=\"swiper-slide\" role=\"group\" aria-roledescription=\"slide\" aria-label=\"11 \/ 11\"><a data-elementor-open-lightbox=\"yes\" data-elementor-lightbox-slideshow=\"77e30c0\" data-elementor-lightbox-title=\"IMG_1924\" data-e-action-hash=\"#elementor-action%3Aaction%3Dlightbox%26settings%3DeyJpZCI6NzMxOSwidXJsIjoiaHR0cHM6XC9cL3d3dy5jb3J1bWJlbHR1ci5jb20udHJcL3dwLWNvbnRlbnRcL3VwbG9hZHNcLzIwMjRcLzA5XC9JTUdfMTkyNC1zY2FsZWQuanBnIiwic2xpZGVzaG93IjoiNzdlMzBjMCJ9\" href=\"https:\/\/www.corumbeltur.com.tr\/wp-content\/uploads\/2024\/09\/IMG_1924-scaled.jpg\"><figure class=\"swiper-slide-inner\"><img decoding=\"async\" class=\"swiper-slide-image\" src=\"https:\/\/www.corumbeltur.com.tr\/wp-content\/uploads\/2024\/09\/IMG_1924-scaled.jpg\" alt=\"IMG_1924\" \/><\/figure><\/a><\/div>\t\t\t<\/div>\n\t\t\t\t\t\t\t\t\t\t\t\t<div class=\"elementor-swiper-button elementor-swiper-button-prev\" role=\"button\" tabindex=\"0\">\n\t\t\t\t\t\t<svg aria-hidden=\"true\" class=\"e-font-icon-svg e-fas-arrow-alt-circle-left\" viewBox=\"0 0 512 512\" xmlns=\"http:\/\/www.w3.org\/2000\/svg\"><path d=\"M256 504C119 504 8 393 8 256S119 8 256 8s248 111 248 248-111 248-248 248zm116-292H256v-70.9c0-10.7-13-16.1-20.5-8.5L121.2 247.5c-4.7 4.7-4.7 12.2 0 16.9l114.3 114.9c7.6 7.6 20.5 2.2 20.5-8.5V300h116c6.6 0 12-5.4 12-12v-64c0-6.6-5.4-12-12-12z\"><\/path><\/svg>\t\t\t\t\t<\/div>\n\t\t\t\t\t<div class=\"elementor-swiper-button elementor-swiper-button-next\" role=\"button\" tabindex=\"0\">\n\t\t\t\t\t\t<svg aria-hidden=\"true\" class=\"e-font-icon-svg e-fas-arrow-alt-circle-right\" viewBox=\"0 0 512 512\" xmlns=\"http:\/\/www.w3.org\/2000\/svg\"><path d=\"M256 8c137 0 248 111 248 248S393 504 256 504 8 393 8 256 119 8 256 8zM140 300h116v70.9c0 10.7 13 16.1 20.5 8.5l114.3-114.9c4.7-4.7 4.7-12.2 0-16.9l-114.3-115c-7.6-7.6-20.5-2.2-20.5 8.5V212H140c-6.6 0-12 5.4-12 12v64c0 6.6 5.4 12 12 12z\"><\/path><\/svg>\t\t\t\t\t<\/div>\n\t\t\t\t\n\t\t\t\t\t\t\t\t\t<div class=\"swiper-pagination\"><\/div>\n\t\t\t\t\t\t\t\t\t<\/div>\n\t\t\t\t<\/div>\n\t\t\t\t<\/div>\n\t\t\t\t<div class=\"elementor-element elementor-element-96545b3 elementor-widget elementor-widget-spacer\" data-id=\"96545b3\" data-element_type=\"widget\" data-widget_type=\"spacer.default\">\n\t\t\t\t<div class=\"elementor-widget-container\">\n\t\t\t\t\t<div class=\"elementor-spacer\">\n\t\t\t<div class=\"elementor-spacer-inner\"><\/div>\n\t\t<\/div>\n\t\t\t\t<\/div>\n\t\t\t\t<\/div>\n\t\t\t\t<\/div>\n\t\t<div class=\"elementor-element elementor-element-28d3aba e-flex e-con-boxed e-con e-parent\" data-id=\"28d3aba\" data-element_type=\"container\">\n\t\t\t\t\t<div class=\"e-con-inner\">\n\t\t<div class=\"elementor-element elementor-element-8156ccd e-grid e-con-full e-con e-child\" data-id=\"8156ccd\" data-element_type=\"container\">\n\t\t\t\t<div class=\"elementor-element elementor-element-21c0692 elementor-widget elementor-widget-google_maps\" data-id=\"21c0692\" data-element_type=\"widget\" data-widget_type=\"google_maps.default\">\n\t\t\t\t<div class=\"elementor-widget-container\">\n\t\t\t\t\t<div class=\"elementor-custom-embed\">\n\t\t\t<iframe loading=\"lazy\"\n\t\t\t\t\tsrc=\"https:\/\/maps.google.com\/maps?q=Pirbaba&#038;t=m&#038;z=17&#038;output=embed&#038;iwloc=near\"\n\t\t\t\t\ttitle=\"Pirbaba\"\n\t\t\t\t\taria-label=\"Pirbaba\"\n\t\t\t><\/iframe>\n\t\t<\/div>\n\t\t\t\t<\/div>\n\t\t\t\t<\/div>\n\t\t\t\t<div class=\"elementor-element elementor-element-7c27f7f elementor-widget elementor-widget-text-editor\" data-id=\"7c27f7f\" data-element_type=\"widget\" data-widget_type=\"text-editor.default\">\n\t\t\t\t<div class=\"elementor-widget-container\">\n\t\t\t\t\t\t\t<div class=\"vs-info-table\"><table><tbody><tr><td>Tesis Ad\u0131:<\/td><td>Pirbaba<\/td><\/tr><tr><td>Telefon:<\/td><td>0 (364) 319 24 19<\/td><\/tr><tr><td>E-posta:<\/td><td>tesisler@corum.bel.tr<\/td><\/tr><tr><td>A\u00e7\u0131k saatler:<\/td><td>Haftan\u0131n her g\u00fcn\u00fc:<br \/>09.00 &#8211; 24.00<\/td><\/tr><\/tbody><\/table><\/div>\t\t\t\t\t\t<\/div>\n\t\t\t\t<\/div>\n\t\t\t\t<\/div>\n\t\t\t\t\t<\/div>\n\t\t\t\t<\/div>\n\t\t\t\t<\/div>\n\t\t","protected":false},"excerpt":{"rendered":"<p>Men\u00fc Galeri Tesis Ad\u0131: Pirbaba Telefon: 0 (364) 319 24 19 E-posta: tesisler@corum.bel.tr A\u00e7\u0131k saatler: Haftan\u0131n her g\u00fcn\u00fc:09.00 &#8211; 24.00<\/p>\n","protected":false},"author":1,"featured_media":0,"parent":7476,"menu_order":2,"comment_status":"closed","ping_status":"closed","template":"elementor_header_footer","meta":{"footnotes":""},"class_list":["post-7293","page","type-page","status-publish","hentry"],"_links":{"self":[{"href":"https:\/\/www.corumbeltur.com.tr\/index.php?rest_route=\/wp\/v2\/pages\/7293","targetHints":{"allow":["GET"]}}],"collection":[{"href":"https:\/\/www.corumbeltur.com.tr\/index.php?rest_route=\/wp\/v2\/pages"}],"about":[{"href":"https:\/\/www.corumbeltur.com.tr\/index.php?rest_route=\/wp\/v2\/types\/page"}],"author":[{"embeddable":true,"href":"https:\/\/www.corumbeltur.com.tr\/index.php?rest_route=\/wp\/v2\/users\/1"}],"replies":[{"embeddable":true,"href":"https:\/\/www.corumbeltur.com.tr\/index.php?rest_route=%2Fwp%2Fv2%2Fcomments&post=7293"}],"version-history":[{"count":52,"href":"https:\/\/www.corumbeltur.com.tr\/index.php?rest_route=\/wp\/v2\/pages\/7293\/revisions"}],"predecessor-version":[{"id":9475,"href":"https:\/\/www.corumbeltur.com.tr\/index.php?rest_route=\/wp\/v2\/pages\/7293\/revisions\/9475"}],"up":[{"embeddable":true,"href":"https:\/\/www.corumbeltur.com.tr\/index.php?rest_route=\/wp\/v2\/pages\/7476"}],"wp:attachment":[{"href":"https:\/\/www.corumbeltur.com.tr\/index.php?rest_route=%2Fwp%2Fv2%2Fmedia&parent=7293"}],"curies":[{"name":"wp","href":"https:\/\/api.w.org\/{rel}","templated":true}]}}