{"id":7395,"date":"2024-09-04T14:19:53","date_gmt":"2024-09-04T11:19:53","guid":{"rendered":"https:\/\/test.corumbeltur.com.tr\/?page_id=7395"},"modified":"2025-08-19T13:52:07","modified_gmt":"2025-08-19T10:52:07","slug":"yoresel-corum-mutfagi","status":"publish","type":"page","link":"https:\/\/www.corumbeltur.com.tr\/?page_id=7395","title":{"rendered":"Y\u00f6resel \u00c7orum Mutfa\u011f\u0131"},"content":{"rendered":"\t\t<div data-elementor-type=\"wp-page\" data-elementor-id=\"7395\" class=\"elementor elementor-7395\">\n\t\t\t\t<div class=\"elementor-element elementor-element-52b4afd e-flex e-con-boxed e-con e-parent\" data-id=\"52b4afd\" data-element_type=\"container\">\n\t\t\t\t\t<div class=\"e-con-inner\">\n\t\t\t\t<div class=\"elementor-element elementor-element-9237223 elementor-widget elementor-widget-heading\" data-id=\"9237223\" data-element_type=\"widget\" data-widget_type=\"heading.default\">\n\t\t\t\t<div class=\"elementor-widget-container\">\n\t\t\t<h1 class=\"elementor-heading-title elementor-size-default\">Men\u00fc<\/h1>\t\t<\/div>\n\t\t\t\t<\/div>\n\t\t\t\t<div class=\"elementor-element elementor-element-d5df125 elementor-widget elementor-widget-shortcode\" data-id=\"d5df125\" data-element_type=\"widget\" data-widget_type=\"shortcode.default\">\n\t\t\t\t<div class=\"elementor-widget-container\">\n\t\t\t\t\t<div class=\"elementor-shortcode\"><\/div>\n\t\t\t\t<\/div>\n\t\t\t\t<\/div>\n\t\t\t\t<div class=\"elementor-element elementor-element-e529c58 elementor-widget elementor-widget-spacer\" data-id=\"e529c58\" data-element_type=\"widget\" data-widget_type=\"spacer.default\">\n\t\t\t\t<div class=\"elementor-widget-container\">\n\t\t\t\t\t<div class=\"elementor-spacer\">\n\t\t\t<div class=\"elementor-spacer-inner\"><\/div>\n\t\t<\/div>\n\t\t\t\t<\/div>\n\t\t\t\t<\/div>\n\t\t\t\t\t<\/div>\n\t\t\t\t<\/div>\n\t\t<div class=\"elementor-element elementor-element-7e4951c e-con-full e-flex e-con e-parent\" data-id=\"7e4951c\" data-element_type=\"container\">\n\t\t\t\t<div class=\"elementor-element elementor-element-ca1e4b0 elementor-widget elementor-widget-heading\" data-id=\"ca1e4b0\" data-element_type=\"widget\" data-widget_type=\"heading.default\">\n\t\t\t\t<div class=\"elementor-widget-container\">\n\t\t\t<h1 class=\"elementor-heading-title elementor-size-default\">Galeri<\/h1>\t\t<\/div>\n\t\t\t\t<\/div>\n\t\t\t\t<div class=\"elementor-element elementor-element-77e30c0 elementor-arrows-position-inside elementor-pagination-position-outside elementor-widget elementor-widget-image-carousel\" data-id=\"77e30c0\" data-element_type=\"widget\" data-settings=\"{&quot;navigation&quot;:&quot;both&quot;,&quot;autoplay&quot;:&quot;yes&quot;,&quot;pause_on_hover&quot;:&quot;yes&quot;,&quot;pause_on_interaction&quot;:&quot;yes&quot;,&quot;autoplay_speed&quot;:5000,&quot;infinite&quot;:&quot;yes&quot;,&quot;speed&quot;:500}\" data-widget_type=\"image-carousel.default\">\n\t\t\t\t<div class=\"elementor-widget-container\">\n\t\t\t\t\t<div class=\"elementor-image-carousel-wrapper swiper\" dir=\"ltr\">\n\t\t\t<div class=\"elementor-image-carousel swiper-wrapper\" aria-live=\"off\">\n\t\t\t\t\t\t\t\t<div class=\"swiper-slide\" role=\"group\" aria-roledescription=\"slide\" aria-label=\"1 \/ 12\"><a data-elementor-open-lightbox=\"yes\" data-elementor-lightbox-slideshow=\"77e30c0\" data-elementor-lightbox-title=\"IMG_1767\" data-e-action-hash=\"#elementor-action%3Aaction%3Dlightbox%26settings%3DeyJpZCI6NzQxMCwidXJsIjoiaHR0cHM6XC9cL3d3dy5jb3J1bWJlbHR1ci5jb20udHJcL3dwLWNvbnRlbnRcL3VwbG9hZHNcLzIwMjRcLzA5XC9JTUdfMTc2Ny0xLXNjYWxlZC5qcGciLCJzbGlkZXNob3ciOiI3N2UzMGMwIn0%3D\" href=\"https:\/\/www.corumbeltur.com.tr\/wp-content\/uploads\/2024\/09\/IMG_1767-1-scaled.jpg\"><figure class=\"swiper-slide-inner\"><img decoding=\"async\" class=\"swiper-slide-image\" src=\"https:\/\/www.corumbeltur.com.tr\/wp-content\/uploads\/2024\/09\/IMG_1767-1-scaled.jpg\" alt=\"IMG_1767\" \/><\/figure><\/a><\/div><div class=\"swiper-slide\" role=\"group\" aria-roledescription=\"slide\" aria-label=\"2 \/ 12\"><a data-elementor-open-lightbox=\"yes\" data-elementor-lightbox-slideshow=\"77e30c0\" data-elementor-lightbox-title=\"IMG_1769\" data-e-action-hash=\"#elementor-action%3Aaction%3Dlightbox%26settings%3DeyJpZCI6NzQxMSwidXJsIjoiaHR0cHM6XC9cL3d3dy5jb3J1bWJlbHR1ci5jb20udHJcL3dwLWNvbnRlbnRcL3VwbG9hZHNcLzIwMjRcLzA5XC9JTUdfMTc2OS0xLXNjYWxlZC5qcGciLCJzbGlkZXNob3ciOiI3N2UzMGMwIn0%3D\" href=\"https:\/\/www.corumbeltur.com.tr\/wp-content\/uploads\/2024\/09\/IMG_1769-1-scaled.jpg\"><figure class=\"swiper-slide-inner\"><img decoding=\"async\" class=\"swiper-slide-image\" src=\"https:\/\/www.corumbeltur.com.tr\/wp-content\/uploads\/2024\/09\/IMG_1769-1-scaled.jpg\" alt=\"IMG_1769\" \/><\/figure><\/a><\/div><div class=\"swiper-slide\" role=\"group\" aria-roledescription=\"slide\" aria-label=\"3 \/ 12\"><a data-elementor-open-lightbox=\"yes\" data-elementor-lightbox-slideshow=\"77e30c0\" data-elementor-lightbox-title=\"IMG_1778\" data-e-action-hash=\"#elementor-action%3Aaction%3Dlightbox%26settings%3DeyJpZCI6NzQxMiwidXJsIjoiaHR0cHM6XC9cL3d3dy5jb3J1bWJlbHR1ci5jb20udHJcL3dwLWNvbnRlbnRcL3VwbG9hZHNcLzIwMjRcLzA5XC9JTUdfMTc3OC0xLXNjYWxlZC5qcGciLCJzbGlkZXNob3ciOiI3N2UzMGMwIn0%3D\" href=\"https:\/\/www.corumbeltur.com.tr\/wp-content\/uploads\/2024\/09\/IMG_1778-1-scaled.jpg\"><figure class=\"swiper-slide-inner\"><img decoding=\"async\" class=\"swiper-slide-image\" src=\"https:\/\/www.corumbeltur.com.tr\/wp-content\/uploads\/2024\/09\/IMG_1778-1-scaled.jpg\" alt=\"IMG_1778\" \/><\/figure><\/a><\/div><div class=\"swiper-slide\" role=\"group\" aria-roledescription=\"slide\" aria-label=\"4 \/ 12\"><a data-elementor-open-lightbox=\"yes\" data-elementor-lightbox-slideshow=\"77e30c0\" data-elementor-lightbox-title=\"IMG_1780\" data-e-action-hash=\"#elementor-action%3Aaction%3Dlightbox%26settings%3DeyJpZCI6NzQxMywidXJsIjoiaHR0cHM6XC9cL3d3dy5jb3J1bWJlbHR1ci5jb20udHJcL3dwLWNvbnRlbnRcL3VwbG9hZHNcLzIwMjRcLzA5XC9JTUdfMTc4MC0xLXNjYWxlZC5qcGciLCJzbGlkZXNob3ciOiI3N2UzMGMwIn0%3D\" href=\"https:\/\/www.corumbeltur.com.tr\/wp-content\/uploads\/2024\/09\/IMG_1780-1-scaled.jpg\"><figure class=\"swiper-slide-inner\"><img decoding=\"async\" class=\"swiper-slide-image\" src=\"https:\/\/www.corumbeltur.com.tr\/wp-content\/uploads\/2024\/09\/IMG_1780-1-scaled.jpg\" alt=\"IMG_1780\" \/><\/figure><\/a><\/div><div class=\"swiper-slide\" role=\"group\" aria-roledescription=\"slide\" aria-label=\"5 \/ 12\"><a data-elementor-open-lightbox=\"yes\" data-elementor-lightbox-slideshow=\"77e30c0\" data-elementor-lightbox-title=\"IMG_1782\" data-e-action-hash=\"#elementor-action%3Aaction%3Dlightbox%26settings%3DeyJpZCI6NzQxNCwidXJsIjoiaHR0cHM6XC9cL3d3dy5jb3J1bWJlbHR1ci5jb20udHJcL3dwLWNvbnRlbnRcL3VwbG9hZHNcLzIwMjRcLzA5XC9JTUdfMTc4Mi0xLXNjYWxlZC5qcGciLCJzbGlkZXNob3ciOiI3N2UzMGMwIn0%3D\" href=\"https:\/\/www.corumbeltur.com.tr\/wp-content\/uploads\/2024\/09\/IMG_1782-1-scaled.jpg\"><figure class=\"swiper-slide-inner\"><img decoding=\"async\" class=\"swiper-slide-image\" src=\"https:\/\/www.corumbeltur.com.tr\/wp-content\/uploads\/2024\/09\/IMG_1782-1-scaled.jpg\" alt=\"IMG_1782\" \/><\/figure><\/a><\/div><div class=\"swiper-slide\" role=\"group\" aria-roledescription=\"slide\" aria-label=\"6 \/ 12\"><a data-elementor-open-lightbox=\"yes\" data-elementor-lightbox-slideshow=\"77e30c0\" data-elementor-lightbox-title=\"IMG_1783\" data-e-action-hash=\"#elementor-action%3Aaction%3Dlightbox%26settings%3DeyJpZCI6NzQxNSwidXJsIjoiaHR0cHM6XC9cL3d3dy5jb3J1bWJlbHR1ci5jb20udHJcL3dwLWNvbnRlbnRcL3VwbG9hZHNcLzIwMjRcLzA5XC9JTUdfMTc4My0xLXNjYWxlZC5qcGciLCJzbGlkZXNob3ciOiI3N2UzMGMwIn0%3D\" href=\"https:\/\/www.corumbeltur.com.tr\/wp-content\/uploads\/2024\/09\/IMG_1783-1-scaled.jpg\"><figure class=\"swiper-slide-inner\"><img decoding=\"async\" class=\"swiper-slide-image\" src=\"https:\/\/www.corumbeltur.com.tr\/wp-content\/uploads\/2024\/09\/IMG_1783-1-scaled.jpg\" alt=\"IMG_1783\" \/><\/figure><\/a><\/div><div class=\"swiper-slide\" role=\"group\" aria-roledescription=\"slide\" aria-label=\"7 \/ 12\"><a data-elementor-open-lightbox=\"yes\" data-elementor-lightbox-slideshow=\"77e30c0\" data-elementor-lightbox-title=\"IMG_1788\" data-e-action-hash=\"#elementor-action%3Aaction%3Dlightbox%26settings%3DeyJpZCI6NzQxNiwidXJsIjoiaHR0cHM6XC9cL3d3dy5jb3J1bWJlbHR1ci5jb20udHJcL3dwLWNvbnRlbnRcL3VwbG9hZHNcLzIwMjRcLzA5XC9JTUdfMTc4OC0xLXNjYWxlZC5qcGciLCJzbGlkZXNob3ciOiI3N2UzMGMwIn0%3D\" href=\"https:\/\/www.corumbeltur.com.tr\/wp-content\/uploads\/2024\/09\/IMG_1788-1-scaled.jpg\"><figure class=\"swiper-slide-inner\"><img decoding=\"async\" class=\"swiper-slide-image\" src=\"https:\/\/www.corumbeltur.com.tr\/wp-content\/uploads\/2024\/09\/IMG_1788-1-scaled.jpg\" alt=\"IMG_1788\" \/><\/figure><\/a><\/div><div class=\"swiper-slide\" role=\"group\" aria-roledescription=\"slide\" aria-label=\"8 \/ 12\"><a data-elementor-open-lightbox=\"yes\" data-elementor-lightbox-slideshow=\"77e30c0\" data-elementor-lightbox-title=\"IMG_1790\" data-e-action-hash=\"#elementor-action%3Aaction%3Dlightbox%26settings%3DeyJpZCI6NzQxNywidXJsIjoiaHR0cHM6XC9cL3d3dy5jb3J1bWJlbHR1ci5jb20udHJcL3dwLWNvbnRlbnRcL3VwbG9hZHNcLzIwMjRcLzA5XC9JTUdfMTc5MC0xLXNjYWxlZC5qcGciLCJzbGlkZXNob3ciOiI3N2UzMGMwIn0%3D\" href=\"https:\/\/www.corumbeltur.com.tr\/wp-content\/uploads\/2024\/09\/IMG_1790-1-scaled.jpg\"><figure class=\"swiper-slide-inner\"><img decoding=\"async\" class=\"swiper-slide-image\" src=\"https:\/\/www.corumbeltur.com.tr\/wp-content\/uploads\/2024\/09\/IMG_1790-1-scaled.jpg\" alt=\"IMG_1790\" \/><\/figure><\/a><\/div><div class=\"swiper-slide\" role=\"group\" aria-roledescription=\"slide\" aria-label=\"9 \/ 12\"><a data-elementor-open-lightbox=\"yes\" data-elementor-lightbox-slideshow=\"77e30c0\" data-elementor-lightbox-title=\"IMG_1792\" data-e-action-hash=\"#elementor-action%3Aaction%3Dlightbox%26settings%3DeyJpZCI6NzQxOSwidXJsIjoiaHR0cHM6XC9cL3d3dy5jb3J1bWJlbHR1ci5jb20udHJcL3dwLWNvbnRlbnRcL3VwbG9hZHNcLzIwMjRcLzA5XC9JTUdfMTc5Mi0xLXNjYWxlZC5qcGciLCJzbGlkZXNob3ciOiI3N2UzMGMwIn0%3D\" href=\"https:\/\/www.corumbeltur.com.tr\/wp-content\/uploads\/2024\/09\/IMG_1792-1-scaled.jpg\"><figure class=\"swiper-slide-inner\"><img decoding=\"async\" class=\"swiper-slide-image\" src=\"https:\/\/www.corumbeltur.com.tr\/wp-content\/uploads\/2024\/09\/IMG_1792-1-scaled.jpg\" alt=\"IMG_1792\" \/><\/figure><\/a><\/div><div class=\"swiper-slide\" role=\"group\" aria-roledescription=\"slide\" aria-label=\"10 \/ 12\"><a data-elementor-open-lightbox=\"yes\" data-elementor-lightbox-slideshow=\"77e30c0\" data-elementor-lightbox-title=\"IMG_1795\" data-e-action-hash=\"#elementor-action%3Aaction%3Dlightbox%26settings%3DeyJpZCI6NzQyMCwidXJsIjoiaHR0cHM6XC9cL3d3dy5jb3J1bWJlbHR1ci5jb20udHJcL3dwLWNvbnRlbnRcL3VwbG9hZHNcLzIwMjRcLzA5XC9JTUdfMTc5NS0xLXNjYWxlZC5qcGciLCJzbGlkZXNob3ciOiI3N2UzMGMwIn0%3D\" href=\"https:\/\/www.corumbeltur.com.tr\/wp-content\/uploads\/2024\/09\/IMG_1795-1-scaled.jpg\"><figure class=\"swiper-slide-inner\"><img decoding=\"async\" class=\"swiper-slide-image\" src=\"https:\/\/www.corumbeltur.com.tr\/wp-content\/uploads\/2024\/09\/IMG_1795-1-scaled.jpg\" alt=\"IMG_1795\" \/><\/figure><\/a><\/div><div class=\"swiper-slide\" role=\"group\" aria-roledescription=\"slide\" aria-label=\"11 \/ 12\"><a data-elementor-open-lightbox=\"yes\" data-elementor-lightbox-slideshow=\"77e30c0\" data-elementor-lightbox-title=\"IMG_1798\" data-e-action-hash=\"#elementor-action%3Aaction%3Dlightbox%26settings%3DeyJpZCI6NzQyMSwidXJsIjoiaHR0cHM6XC9cL3d3dy5jb3J1bWJlbHR1ci5jb20udHJcL3dwLWNvbnRlbnRcL3VwbG9hZHNcLzIwMjRcLzA5XC9JTUdfMTc5OC0xLXNjYWxlZC5qcGciLCJzbGlkZXNob3ciOiI3N2UzMGMwIn0%3D\" href=\"https:\/\/www.corumbeltur.com.tr\/wp-content\/uploads\/2024\/09\/IMG_1798-1-scaled.jpg\"><figure class=\"swiper-slide-inner\"><img decoding=\"async\" class=\"swiper-slide-image\" src=\"https:\/\/www.corumbeltur.com.tr\/wp-content\/uploads\/2024\/09\/IMG_1798-1-scaled.jpg\" alt=\"IMG_1798\" \/><\/figure><\/a><\/div><div class=\"swiper-slide\" role=\"group\" aria-roledescription=\"slide\" aria-label=\"12 \/ 12\"><a data-elementor-open-lightbox=\"yes\" data-elementor-lightbox-slideshow=\"77e30c0\" data-elementor-lightbox-title=\"IMG_1799\" data-e-action-hash=\"#elementor-action%3Aaction%3Dlightbox%26settings%3DeyJpZCI6NzQyMiwidXJsIjoiaHR0cHM6XC9cL3d3dy5jb3J1bWJlbHR1ci5jb20udHJcL3dwLWNvbnRlbnRcL3VwbG9hZHNcLzIwMjRcLzA5XC9JTUdfMTc5OS0xLXNjYWxlZC5qcGciLCJzbGlkZXNob3ciOiI3N2UzMGMwIn0%3D\" href=\"https:\/\/www.corumbeltur.com.tr\/wp-content\/uploads\/2024\/09\/IMG_1799-1-scaled.jpg\"><figure class=\"swiper-slide-inner\"><img decoding=\"async\" class=\"swiper-slide-image\" src=\"https:\/\/www.corumbeltur.com.tr\/wp-content\/uploads\/2024\/09\/IMG_1799-1-scaled.jpg\" alt=\"IMG_1799\" \/><\/figure><\/a><\/div>\t\t\t<\/div>\n\t\t\t\t\t\t\t\t\t\t\t\t<div class=\"elementor-swiper-button elementor-swiper-button-prev\" role=\"button\" tabindex=\"0\">\n\t\t\t\t\t\t<svg aria-hidden=\"true\" class=\"e-font-icon-svg e-fas-arrow-alt-circle-left\" viewBox=\"0 0 512 512\" xmlns=\"http:\/\/www.w3.org\/2000\/svg\"><path d=\"M256 504C119 504 8 393 8 256S119 8 256 8s248 111 248 248-111 248-248 248zm116-292H256v-70.9c0-10.7-13-16.1-20.5-8.5L121.2 247.5c-4.7 4.7-4.7 12.2 0 16.9l114.3 114.9c7.6 7.6 20.5 2.2 20.5-8.5V300h116c6.6 0 12-5.4 12-12v-64c0-6.6-5.4-12-12-12z\"><\/path><\/svg>\t\t\t\t\t<\/div>\n\t\t\t\t\t<div class=\"elementor-swiper-button elementor-swiper-button-next\" role=\"button\" tabindex=\"0\">\n\t\t\t\t\t\t<svg aria-hidden=\"true\" class=\"e-font-icon-svg e-fas-arrow-alt-circle-right\" viewBox=\"0 0 512 512\" xmlns=\"http:\/\/www.w3.org\/2000\/svg\"><path d=\"M256 8c137 0 248 111 248 248S393 504 256 504 8 393 8 256 119 8 256 8zM140 300h116v70.9c0 10.7 13 16.1 20.5 8.5l114.3-114.9c4.7-4.7 4.7-12.2 0-16.9l-114.3-115c-7.6-7.6-20.5-2.2-20.5 8.5V212H140c-6.6 0-12 5.4-12 12v64c0 6.6 5.4 12 12 12z\"><\/path><\/svg>\t\t\t\t\t<\/div>\n\t\t\t\t\n\t\t\t\t\t\t\t\t\t<div class=\"swiper-pagination\"><\/div>\n\t\t\t\t\t\t\t\t\t<\/div>\n\t\t\t\t<\/div>\n\t\t\t\t<\/div>\n\t\t\t\t<div class=\"elementor-element elementor-element-96545b3 elementor-widget elementor-widget-spacer\" data-id=\"96545b3\" data-element_type=\"widget\" data-widget_type=\"spacer.default\">\n\t\t\t\t<div class=\"elementor-widget-container\">\n\t\t\t\t\t<div class=\"elementor-spacer\">\n\t\t\t<div class=\"elementor-spacer-inner\"><\/div>\n\t\t<\/div>\n\t\t\t\t<\/div>\n\t\t\t\t<\/div>\n\t\t\t\t<\/div>\n\t\t<div class=\"elementor-element elementor-element-28d3aba e-flex e-con-boxed e-con e-parent\" data-id=\"28d3aba\" data-element_type=\"container\">\n\t\t\t\t\t<div class=\"e-con-inner\">\n\t\t<div class=\"elementor-element elementor-element-080a79e e-grid e-con-full e-con e-child\" data-id=\"080a79e\" data-element_type=\"container\">\n\t\t\t\t<div class=\"elementor-element elementor-element-21c0692 elementor-widget elementor-widget-google_maps\" data-id=\"21c0692\" data-element_type=\"widget\" data-widget_type=\"google_maps.default\">\n\t\t\t\t<div class=\"elementor-widget-container\">\n\t\t\t\t\t<div class=\"elementor-custom-embed\">\n\t\t\t<iframe loading=\"lazy\"\n\t\t\t\t\tsrc=\"https:\/\/maps.google.com\/maps?q=Velipa%C5%9Fa%20Han%C4%B1&#038;t=m&#038;z=18&#038;output=embed&#038;iwloc=near\"\n\t\t\t\t\ttitle=\"Velipa\u015fa Han\u0131\"\n\t\t\t\t\taria-label=\"Velipa\u015fa Han\u0131\"\n\t\t\t><\/iframe>\n\t\t<\/div>\n\t\t\t\t<\/div>\n\t\t\t\t<\/div>\n\t\t\t\t<div class=\"elementor-element elementor-element-76a9c1d elementor-widget elementor-widget-text-editor\" data-id=\"76a9c1d\" data-element_type=\"widget\" data-widget_type=\"text-editor.default\">\n\t\t\t\t<div class=\"elementor-widget-container\">\n\t\t\t\t\t\t\t<div class=\"vs-info-table\"><table><tbody><tr><td>Tesis Ad\u0131:<\/td><td>Y\u00f6resel \u00c7orum Mutfa\u011f\u0131<\/td><\/tr><tr><td>Telefon:<\/td><td>0 (364) 319 24 19<\/td><\/tr><tr><td>E-posta:<\/td><td>tesisler@corum.bel.tr<\/td><\/tr><tr><td>A\u00e7\u0131k saatler:<\/td><td>Sal\u0131 &#8211; Pazar:<br \/>11.00 &#8211; 21.00<br \/>Pazartesi: Kapal\u0131<\/td><\/tr><\/tbody><\/table><\/div>\t\t\t\t\t\t<\/div>\n\t\t\t\t<\/div>\n\t\t\t\t<\/div>\n\t\t\t\t\t<\/div>\n\t\t\t\t<\/div>\n\t\t\t\t<\/div>\n\t\t","protected":false},"excerpt":{"rendered":"<p>Men\u00fc Galeri Tesis Ad\u0131: Y\u00f6resel \u00c7orum Mutfa\u011f\u0131 Telefon: 0 (364) 319 24 19 E-posta: tesisler@corum.bel.tr A\u00e7\u0131k saatler: Sal\u0131 &#8211; Pazar:11.00 &#8211; 21.00Pazartesi: Kapal\u0131<\/p>\n","protected":false},"author":1,"featured_media":0,"parent":7476,"menu_order":5,"comment_status":"closed","ping_status":"closed","template":"elementor_header_footer","meta":{"footnotes":""},"class_list":["post-7395","page","type-page","status-publish","hentry"],"_links":{"self":[{"href":"https:\/\/www.corumbeltur.com.tr\/index.php?rest_route=\/wp\/v2\/pages\/7395","targetHints":{"allow":["GET"]}}],"collection":[{"href":"https:\/\/www.corumbeltur.com.tr\/index.php?rest_route=\/wp\/v2\/pages"}],"about":[{"href":"https:\/\/www.corumbeltur.com.tr\/index.php?rest_route=\/wp\/v2\/types\/page"}],"author":[{"embeddable":true,"href":"https:\/\/www.corumbeltur.com.tr\/index.php?rest_route=\/wp\/v2\/users\/1"}],"replies":[{"embeddable":true,"href":"https:\/\/www.corumbeltur.com.tr\/index.php?rest_route=%2Fwp%2Fv2%2Fcomments&post=7395"}],"version-history":[{"count":42,"href":"https:\/\/www.corumbeltur.com.tr\/index.php?rest_route=\/wp\/v2\/pages\/7395\/revisions"}],"predecessor-version":[{"id":9979,"href":"https:\/\/www.corumbeltur.com.tr\/index.php?rest_route=\/wp\/v2\/pages\/7395\/revisions\/9979"}],"up":[{"embeddable":true,"href":"https:\/\/www.corumbeltur.com.tr\/index.php?rest_route=\/wp\/v2\/pages\/7476"}],"wp:attachment":[{"href":"https:\/\/www.corumbeltur.com.tr\/index.php?rest_route=%2Fwp%2Fv2%2Fmedia&parent=7395"}],"curies":[{"name":"wp","href":"https:\/\/api.w.org\/{rel}","templated":true}]}}