{"id":7644,"date":"2024-09-12T11:46:38","date_gmt":"2024-09-12T08:46:38","guid":{"rendered":"https:\/\/test.corumbeltur.com.tr\/?page_id=7644"},"modified":"2025-02-11T16:31:14","modified_gmt":"2025-02-11T13:31:14","slug":"kadin-el-emegi-carsisi","status":"publish","type":"page","link":"https:\/\/www.corumbeltur.com.tr\/?page_id=7644","title":{"rendered":"Kad\u0131n El Eme\u011fi \u00c7ar\u015f\u0131s\u0131"},"content":{"rendered":"\t\t<div data-elementor-type=\"wp-page\" data-elementor-id=\"7644\" class=\"elementor elementor-7644\">\n\t\t\t\t<div class=\"elementor-element elementor-element-52b4afd e-flex e-con-boxed e-con e-parent\" data-id=\"52b4afd\" data-element_type=\"container\">\n\t\t\t\t\t<div class=\"e-con-inner\">\n\t\t\t\t<div class=\"elementor-element elementor-element-e529c58 elementor-widget elementor-widget-spacer\" data-id=\"e529c58\" data-element_type=\"widget\" data-widget_type=\"spacer.default\">\n\t\t\t\t<div class=\"elementor-widget-container\">\n\t\t\t\t\t<div class=\"elementor-spacer\">\n\t\t\t<div class=\"elementor-spacer-inner\"><\/div>\n\t\t<\/div>\n\t\t\t\t<\/div>\n\t\t\t\t<\/div>\n\t\t\t\t\t<\/div>\n\t\t\t\t<\/div>\n\t\t<div class=\"elementor-element elementor-element-7e4951c e-con-full e-flex e-con e-parent\" data-id=\"7e4951c\" data-element_type=\"container\">\n\t\t\t\t<div class=\"elementor-element elementor-element-ca1e4b0 elementor-widget elementor-widget-heading\" data-id=\"ca1e4b0\" data-element_type=\"widget\" data-widget_type=\"heading.default\">\n\t\t\t\t<div class=\"elementor-widget-container\">\n\t\t\t<h1 class=\"elementor-heading-title elementor-size-default\">Galeri<\/h1>\t\t<\/div>\n\t\t\t\t<\/div>\n\t\t\t\t<div class=\"elementor-element elementor-element-77e30c0 elementor-arrows-position-inside elementor-pagination-position-outside elementor-widget elementor-widget-image-carousel\" data-id=\"77e30c0\" data-element_type=\"widget\" data-settings=\"{&quot;navigation&quot;:&quot;both&quot;,&quot;autoplay&quot;:&quot;yes&quot;,&quot;pause_on_hover&quot;:&quot;yes&quot;,&quot;pause_on_interaction&quot;:&quot;yes&quot;,&quot;autoplay_speed&quot;:5000,&quot;infinite&quot;:&quot;yes&quot;,&quot;speed&quot;:500}\" data-widget_type=\"image-carousel.default\">\n\t\t\t\t<div class=\"elementor-widget-container\">\n\t\t\t\t\t<div class=\"elementor-image-carousel-wrapper swiper\" dir=\"ltr\">\n\t\t\t<div class=\"elementor-image-carousel swiper-wrapper\" aria-live=\"off\">\n\t\t\t\t\t\t\t\t<div class=\"swiper-slide\" role=\"group\" aria-roledescription=\"slide\" aria-label=\"1 \/ 9\"><a data-elementor-open-lightbox=\"yes\" data-elementor-lightbox-slideshow=\"77e30c0\" data-elementor-lightbox-title=\"kadin-emegi-carsisi-aciliyor-07-03-2024-1-1600x1200_large\" data-e-action-hash=\"#elementor-action%3Aaction%3Dlightbox%26settings%3DeyJpZCI6Ijc2NDYiLCJ1cmwiOiJodHRwczpcL1wvd3d3LmNvcnVtYmVsdHVyLmNvbS50clwvd3AtY29udGVudFwvdXBsb2Fkc1wvMjAyNFwvMDlcL2thZGluLWVtZWdpLWNhcnNpc2ktYWNpbGl5b3ItMDctMDMtMjAyNC0xLTE2MDB4MTIwMF9sYXJnZS5qcGciLCJzbGlkZXNob3ciOiI3N2UzMGMwIn0%3D\" href=\"https:\/\/www.corumbeltur.com.tr\/wp-content\/uploads\/2024\/09\/kadin-emegi-carsisi-aciliyor-07-03-2024-1-1600x1200_large.jpg\"><figure class=\"swiper-slide-inner\"><img decoding=\"async\" class=\"swiper-slide-image\" src=\"https:\/\/www.corumbeltur.com.tr\/wp-content\/uploads\/2024\/09\/kadin-emegi-carsisi-aciliyor-07-03-2024-1-1600x1200_large.jpg\" alt=\"kadin-emegi-carsisi-aciliyor-07-03-2024-1-1600x1200_large\" \/><\/figure><\/a><\/div><div class=\"swiper-slide\" role=\"group\" aria-roledescription=\"slide\" aria-label=\"2 \/ 9\"><a data-elementor-open-lightbox=\"yes\" data-elementor-lightbox-slideshow=\"77e30c0\" data-elementor-lightbox-title=\"kadin-emegi-carsisi-aciliyor-07-03-2024-2-1600x1200_large\" data-e-action-hash=\"#elementor-action%3Aaction%3Dlightbox%26settings%3DeyJpZCI6Ijc2NDciLCJ1cmwiOiJodHRwczpcL1wvd3d3LmNvcnVtYmVsdHVyLmNvbS50clwvd3AtY29udGVudFwvdXBsb2Fkc1wvMjAyNFwvMDlcL2thZGluLWVtZWdpLWNhcnNpc2ktYWNpbGl5b3ItMDctMDMtMjAyNC0yLTE2MDB4MTIwMF9sYXJnZS5qcGciLCJzbGlkZXNob3ciOiI3N2UzMGMwIn0%3D\" href=\"https:\/\/www.corumbeltur.com.tr\/wp-content\/uploads\/2024\/09\/kadin-emegi-carsisi-aciliyor-07-03-2024-2-1600x1200_large.jpg\"><figure class=\"swiper-slide-inner\"><img decoding=\"async\" class=\"swiper-slide-image\" src=\"https:\/\/www.corumbeltur.com.tr\/wp-content\/uploads\/2024\/09\/kadin-emegi-carsisi-aciliyor-07-03-2024-2-1600x1200_large.jpg\" alt=\"kadin-emegi-carsisi-aciliyor-07-03-2024-2-1600x1200_large\" \/><\/figure><\/a><\/div><div class=\"swiper-slide\" role=\"group\" aria-roledescription=\"slide\" aria-label=\"3 \/ 9\"><a data-elementor-open-lightbox=\"yes\" data-elementor-lightbox-slideshow=\"77e30c0\" data-elementor-lightbox-title=\"kadin-emegi-carsisi-aciliyor-07-03-2024-3-1600x1200_large\" data-e-action-hash=\"#elementor-action%3Aaction%3Dlightbox%26settings%3DeyJpZCI6Ijc2NDgiLCJ1cmwiOiJodHRwczpcL1wvd3d3LmNvcnVtYmVsdHVyLmNvbS50clwvd3AtY29udGVudFwvdXBsb2Fkc1wvMjAyNFwvMDlcL2thZGluLWVtZWdpLWNhcnNpc2ktYWNpbGl5b3ItMDctMDMtMjAyNC0zLTE2MDB4MTIwMF9sYXJnZS5qcGciLCJzbGlkZXNob3ciOiI3N2UzMGMwIn0%3D\" href=\"https:\/\/www.corumbeltur.com.tr\/wp-content\/uploads\/2024\/09\/kadin-emegi-carsisi-aciliyor-07-03-2024-3-1600x1200_large.jpg\"><figure class=\"swiper-slide-inner\"><img decoding=\"async\" class=\"swiper-slide-image\" src=\"https:\/\/www.corumbeltur.com.tr\/wp-content\/uploads\/2024\/09\/kadin-emegi-carsisi-aciliyor-07-03-2024-3-1600x1200_large.jpg\" alt=\"kadin-emegi-carsisi-aciliyor-07-03-2024-3-1600x1200_large\" \/><\/figure><\/a><\/div><div class=\"swiper-slide\" role=\"group\" aria-roledescription=\"slide\" aria-label=\"4 \/ 9\"><a data-elementor-open-lightbox=\"yes\" data-elementor-lightbox-slideshow=\"77e30c0\" data-elementor-lightbox-title=\"kadin-emegi-carsisi-aciliyor-07-03-2024-4-1600x1200_large\" data-e-action-hash=\"#elementor-action%3Aaction%3Dlightbox%26settings%3DeyJpZCI6Ijc2NDkiLCJ1cmwiOiJodHRwczpcL1wvd3d3LmNvcnVtYmVsdHVyLmNvbS50clwvd3AtY29udGVudFwvdXBsb2Fkc1wvMjAyNFwvMDlcL2thZGluLWVtZWdpLWNhcnNpc2ktYWNpbGl5b3ItMDctMDMtMjAyNC00LTE2MDB4MTIwMF9sYXJnZS5qcGciLCJzbGlkZXNob3ciOiI3N2UzMGMwIn0%3D\" href=\"https:\/\/www.corumbeltur.com.tr\/wp-content\/uploads\/2024\/09\/kadin-emegi-carsisi-aciliyor-07-03-2024-4-1600x1200_large.jpg\"><figure class=\"swiper-slide-inner\"><img decoding=\"async\" class=\"swiper-slide-image\" src=\"https:\/\/www.corumbeltur.com.tr\/wp-content\/uploads\/2024\/09\/kadin-emegi-carsisi-aciliyor-07-03-2024-4-1600x1200_large.jpg\" alt=\"kadin-emegi-carsisi-aciliyor-07-03-2024-4-1600x1200_large\" \/><\/figure><\/a><\/div><div class=\"swiper-slide\" role=\"group\" aria-roledescription=\"slide\" aria-label=\"5 \/ 9\"><a data-elementor-open-lightbox=\"yes\" data-elementor-lightbox-slideshow=\"77e30c0\" data-elementor-lightbox-title=\"kadin-emegi-carsisi-aciliyor-07-03-2024-5-1600x1200_large\" data-e-action-hash=\"#elementor-action%3Aaction%3Dlightbox%26settings%3DeyJpZCI6Ijc2NTAiLCJ1cmwiOiJodHRwczpcL1wvd3d3LmNvcnVtYmVsdHVyLmNvbS50clwvd3AtY29udGVudFwvdXBsb2Fkc1wvMjAyNFwvMDlcL2thZGluLWVtZWdpLWNhcnNpc2ktYWNpbGl5b3ItMDctMDMtMjAyNC01LTE2MDB4MTIwMF9sYXJnZS5qcGciLCJzbGlkZXNob3ciOiI3N2UzMGMwIn0%3D\" href=\"https:\/\/www.corumbeltur.com.tr\/wp-content\/uploads\/2024\/09\/kadin-emegi-carsisi-aciliyor-07-03-2024-5-1600x1200_large.jpg\"><figure class=\"swiper-slide-inner\"><img decoding=\"async\" class=\"swiper-slide-image\" src=\"https:\/\/www.corumbeltur.com.tr\/wp-content\/uploads\/2024\/09\/kadin-emegi-carsisi-aciliyor-07-03-2024-5-1600x1200_large.jpg\" alt=\"kadin-emegi-carsisi-aciliyor-07-03-2024-5-1600x1200_large\" \/><\/figure><\/a><\/div><div class=\"swiper-slide\" role=\"group\" aria-roledescription=\"slide\" aria-label=\"6 \/ 9\"><a data-elementor-open-lightbox=\"yes\" data-elementor-lightbox-slideshow=\"77e30c0\" data-elementor-lightbox-title=\"kadin-emegi-carsisi-aciliyor-07-03-2024-6-1600x1200_large\" data-e-action-hash=\"#elementor-action%3Aaction%3Dlightbox%26settings%3DeyJpZCI6Ijc2NTEiLCJ1cmwiOiJodHRwczpcL1wvd3d3LmNvcnVtYmVsdHVyLmNvbS50clwvd3AtY29udGVudFwvdXBsb2Fkc1wvMjAyNFwvMDlcL2thZGluLWVtZWdpLWNhcnNpc2ktYWNpbGl5b3ItMDctMDMtMjAyNC02LTE2MDB4MTIwMF9sYXJnZS5qcGciLCJzbGlkZXNob3ciOiI3N2UzMGMwIn0%3D\" href=\"https:\/\/www.corumbeltur.com.tr\/wp-content\/uploads\/2024\/09\/kadin-emegi-carsisi-aciliyor-07-03-2024-6-1600x1200_large.jpg\"><figure class=\"swiper-slide-inner\"><img decoding=\"async\" class=\"swiper-slide-image\" src=\"https:\/\/www.corumbeltur.com.tr\/wp-content\/uploads\/2024\/09\/kadin-emegi-carsisi-aciliyor-07-03-2024-6-1600x1200_large.jpg\" alt=\"kadin-emegi-carsisi-aciliyor-07-03-2024-6-1600x1200_large\" \/><\/figure><\/a><\/div><div class=\"swiper-slide\" role=\"group\" aria-roledescription=\"slide\" aria-label=\"7 \/ 9\"><a data-elementor-open-lightbox=\"yes\" data-elementor-lightbox-slideshow=\"77e30c0\" data-elementor-lightbox-title=\"kadin-emegi-carsisi-aciliyor-07-03-2024-7-1600x1200_large\" data-e-action-hash=\"#elementor-action%3Aaction%3Dlightbox%26settings%3DeyJpZCI6Ijc2NTIiLCJ1cmwiOiJodHRwczpcL1wvd3d3LmNvcnVtYmVsdHVyLmNvbS50clwvd3AtY29udGVudFwvdXBsb2Fkc1wvMjAyNFwvMDlcL2thZGluLWVtZWdpLWNhcnNpc2ktYWNpbGl5b3ItMDctMDMtMjAyNC03LTE2MDB4MTIwMF9sYXJnZS5qcGciLCJzbGlkZXNob3ciOiI3N2UzMGMwIn0%3D\" href=\"https:\/\/www.corumbeltur.com.tr\/wp-content\/uploads\/2024\/09\/kadin-emegi-carsisi-aciliyor-07-03-2024-7-1600x1200_large.jpg\"><figure class=\"swiper-slide-inner\"><img decoding=\"async\" class=\"swiper-slide-image\" src=\"https:\/\/www.corumbeltur.com.tr\/wp-content\/uploads\/2024\/09\/kadin-emegi-carsisi-aciliyor-07-03-2024-7-1600x1200_large.jpg\" alt=\"kadin-emegi-carsisi-aciliyor-07-03-2024-7-1600x1200_large\" \/><\/figure><\/a><\/div><div class=\"swiper-slide\" role=\"group\" aria-roledescription=\"slide\" aria-label=\"8 \/ 9\"><a data-elementor-open-lightbox=\"yes\" data-elementor-lightbox-slideshow=\"77e30c0\" data-elementor-lightbox-title=\"kadin-emegi-carsisi-aciliyor-07-03-2024-8-1600x1200_large\" data-e-action-hash=\"#elementor-action%3Aaction%3Dlightbox%26settings%3DeyJpZCI6Ijc2NTMiLCJ1cmwiOiJodHRwczpcL1wvd3d3LmNvcnVtYmVsdHVyLmNvbS50clwvd3AtY29udGVudFwvdXBsb2Fkc1wvMjAyNFwvMDlcL2thZGluLWVtZWdpLWNhcnNpc2ktYWNpbGl5b3ItMDctMDMtMjAyNC04LTE2MDB4MTIwMF9sYXJnZS5qcGciLCJzbGlkZXNob3ciOiI3N2UzMGMwIn0%3D\" href=\"https:\/\/www.corumbeltur.com.tr\/wp-content\/uploads\/2024\/09\/kadin-emegi-carsisi-aciliyor-07-03-2024-8-1600x1200_large.jpg\"><figure class=\"swiper-slide-inner\"><img decoding=\"async\" class=\"swiper-slide-image\" src=\"https:\/\/www.corumbeltur.com.tr\/wp-content\/uploads\/2024\/09\/kadin-emegi-carsisi-aciliyor-07-03-2024-8-1600x1200_large.jpg\" alt=\"kadin-emegi-carsisi-aciliyor-07-03-2024-8-1600x1200_large\" \/><\/figure><\/a><\/div><div class=\"swiper-slide\" role=\"group\" aria-roledescription=\"slide\" aria-label=\"9 \/ 9\"><a data-elementor-open-lightbox=\"yes\" data-elementor-lightbox-slideshow=\"77e30c0\" data-elementor-lightbox-title=\"kadin-emegi-carsisi-aciliyor-07-03-2024-9-1600x1200_large\" data-e-action-hash=\"#elementor-action%3Aaction%3Dlightbox%26settings%3DeyJpZCI6Ijc2NTQiLCJ1cmwiOiJodHRwczpcL1wvd3d3LmNvcnVtYmVsdHVyLmNvbS50clwvd3AtY29udGVudFwvdXBsb2Fkc1wvMjAyNFwvMDlcL2thZGluLWVtZWdpLWNhcnNpc2ktYWNpbGl5b3ItMDctMDMtMjAyNC05LTE2MDB4MTIwMF9sYXJnZS5qcGciLCJzbGlkZXNob3ciOiI3N2UzMGMwIn0%3D\" href=\"https:\/\/www.corumbeltur.com.tr\/wp-content\/uploads\/2024\/09\/kadin-emegi-carsisi-aciliyor-07-03-2024-9-1600x1200_large.jpg\"><figure class=\"swiper-slide-inner\"><img decoding=\"async\" class=\"swiper-slide-image\" src=\"https:\/\/www.corumbeltur.com.tr\/wp-content\/uploads\/2024\/09\/kadin-emegi-carsisi-aciliyor-07-03-2024-9-1600x1200_large.jpg\" alt=\"kadin-emegi-carsisi-aciliyor-07-03-2024-9-1600x1200_large\" \/><\/figure><\/a><\/div>\t\t\t<\/div>\n\t\t\t\t\t\t\t\t\t\t\t\t<div class=\"elementor-swiper-button elementor-swiper-button-prev\" role=\"button\" tabindex=\"0\">\n\t\t\t\t\t\t<svg aria-hidden=\"true\" class=\"e-font-icon-svg e-fas-arrow-alt-circle-left\" viewBox=\"0 0 512 512\" xmlns=\"http:\/\/www.w3.org\/2000\/svg\"><path d=\"M256 504C119 504 8 393 8 256S119 8 256 8s248 111 248 248-111 248-248 248zm116-292H256v-70.9c0-10.7-13-16.1-20.5-8.5L121.2 247.5c-4.7 4.7-4.7 12.2 0 16.9l114.3 114.9c7.6 7.6 20.5 2.2 20.5-8.5V300h116c6.6 0 12-5.4 12-12v-64c0-6.6-5.4-12-12-12z\"><\/path><\/svg>\t\t\t\t\t<\/div>\n\t\t\t\t\t<div class=\"elementor-swiper-button elementor-swiper-button-next\" role=\"button\" tabindex=\"0\">\n\t\t\t\t\t\t<svg aria-hidden=\"true\" class=\"e-font-icon-svg e-fas-arrow-alt-circle-right\" viewBox=\"0 0 512 512\" xmlns=\"http:\/\/www.w3.org\/2000\/svg\"><path d=\"M256 8c137 0 248 111 248 248S393 504 256 504 8 393 8 256 119 8 256 8zM140 300h116v70.9c0 10.7 13 16.1 20.5 8.5l114.3-114.9c4.7-4.7 4.7-12.2 0-16.9l-114.3-115c-7.6-7.6-20.5-2.2-20.5 8.5V212H140c-6.6 0-12 5.4-12 12v64c0 6.6 5.4 12 12 12z\"><\/path><\/svg>\t\t\t\t\t<\/div>\n\t\t\t\t\n\t\t\t\t\t\t\t\t\t<div class=\"swiper-pagination\"><\/div>\n\t\t\t\t\t\t\t\t\t<\/div>\n\t\t\t\t<\/div>\n\t\t\t\t<\/div>\n\t\t\t\t<div class=\"elementor-element elementor-element-96545b3 elementor-widget elementor-widget-spacer\" data-id=\"96545b3\" data-element_type=\"widget\" data-widget_type=\"spacer.default\">\n\t\t\t\t<div class=\"elementor-widget-container\">\n\t\t\t\t\t<div class=\"elementor-spacer\">\n\t\t\t<div class=\"elementor-spacer-inner\"><\/div>\n\t\t<\/div>\n\t\t\t\t<\/div>\n\t\t\t\t<\/div>\n\t\t\t\t<\/div>\n\t\t<div class=\"elementor-element elementor-element-28d3aba e-flex e-con-boxed e-con e-parent\" data-id=\"28d3aba\" data-element_type=\"container\">\n\t\t\t\t\t<div class=\"e-con-inner\">\n\t\t<div class=\"elementor-element elementor-element-080a79e e-grid e-con-full e-con e-child\" data-id=\"080a79e\" data-element_type=\"container\">\n\t\t\t\t<div class=\"elementor-element elementor-element-21c0692 elementor-widget elementor-widget-google_maps\" data-id=\"21c0692\" data-element_type=\"widget\" data-widget_type=\"google_maps.default\">\n\t\t\t\t<div class=\"elementor-widget-container\">\n\t\t\t\t\t<div class=\"elementor-custom-embed\">\n\t\t\t<iframe loading=\"lazy\"\n\t\t\t\t\tsrc=\"https:\/\/maps.google.com\/maps?q=%C3%87orum%20Belediyesi%20Kad%C4%B1n%20El%20Eme%C4%9Fi%20%C3%87ar%C5%9F%C4%B1s%C4%B1&#038;t=m&#038;z=18&#038;output=embed&#038;iwloc=near\"\n\t\t\t\t\ttitle=\"\u00c7orum Belediyesi Kad\u0131n El Eme\u011fi \u00c7ar\u015f\u0131s\u0131\"\n\t\t\t\t\taria-label=\"\u00c7orum Belediyesi Kad\u0131n El Eme\u011fi \u00c7ar\u015f\u0131s\u0131\"\n\t\t\t><\/iframe>\n\t\t<\/div>\n\t\t\t\t<\/div>\n\t\t\t\t<\/div>\n\t\t\t\t<div class=\"elementor-element elementor-element-76a9c1d elementor-widget elementor-widget-text-editor\" data-id=\"76a9c1d\" data-element_type=\"widget\" data-widget_type=\"text-editor.default\">\n\t\t\t\t<div class=\"elementor-widget-container\">\n\t\t\t\t\t\t\t<div class=\"vs-info-table\"><br \/><table><tbody><tr><td>Tesis Ad\u0131:<\/td><td>Kad\u0131n El Eme\u011fi \u00c7ar\u015f\u0131s\u0131<\/td><\/tr><tr><td>Telefon:<\/td><td>0 (364) 319 24 19<\/td><\/tr><tr><td>E-posta:<\/td><td>kadinelemegi@corum.bel.tr<\/td><\/tr><tr><td>A\u00e7\u0131k saatler:<\/td><td>Hafta i\u00e7i ve Cumartesi:<br \/>09.00 &#8211; 18.00<p>Pazar: Kapal\u0131<\/p><\/td><\/tr><\/tbody><\/table><\/div>\t\t\t\t\t\t<\/div>\n\t\t\t\t<\/div>\n\t\t\t\t<\/div>\n\t\t\t\t\t<\/div>\n\t\t\t\t<\/div>\n\t\t\t\t<\/div>\n\t\t","protected":false},"excerpt":{"rendered":"<p>Galeri Tesis Ad\u0131: Kad\u0131n El Eme\u011fi \u00c7ar\u015f\u0131s\u0131 Telefon: 0 (364) 319 24 19 E-posta: kadinelemegi@corum.bel.tr A\u00e7\u0131k saatler: Hafta i\u00e7i ve Cumartesi:09.00 &#8211; 18.00 Pazar: Kapal\u0131<\/p>\n","protected":false},"author":1,"featured_media":0,"parent":7476,"menu_order":8,"comment_status":"closed","ping_status":"closed","template":"elementor_header_footer","meta":{"footnotes":""},"class_list":["post-7644","page","type-page","status-publish","hentry"],"_links":{"self":[{"href":"https:\/\/www.corumbeltur.com.tr\/index.php?rest_route=\/wp\/v2\/pages\/7644","targetHints":{"allow":["GET"]}}],"collection":[{"href":"https:\/\/www.corumbeltur.com.tr\/index.php?rest_route=\/wp\/v2\/pages"}],"about":[{"href":"https:\/\/www.corumbeltur.com.tr\/index.php?rest_route=\/wp\/v2\/types\/page"}],"author":[{"embeddable":true,"href":"https:\/\/www.corumbeltur.com.tr\/index.php?rest_route=\/wp\/v2\/users\/1"}],"replies":[{"embeddable":true,"href":"https:\/\/www.corumbeltur.com.tr\/index.php?rest_route=%2Fwp%2Fv2%2Fcomments&post=7644"}],"version-history":[{"count":34,"href":"https:\/\/www.corumbeltur.com.tr\/index.php?rest_route=\/wp\/v2\/pages\/7644\/revisions"}],"predecessor-version":[{"id":8644,"href":"https:\/\/www.corumbeltur.com.tr\/index.php?rest_route=\/wp\/v2\/pages\/7644\/revisions\/8644"}],"up":[{"embeddable":true,"href":"https:\/\/www.corumbeltur.com.tr\/index.php?rest_route=\/wp\/v2\/pages\/7476"}],"wp:attachment":[{"href":"https:\/\/www.corumbeltur.com.tr\/index.php?rest_route=%2Fwp%2Fv2%2Fmedia&parent=7644"}],"curies":[{"name":"wp","href":"https:\/\/api.w.org\/{rel}","templated":true}]}}