{"id":7774,"date":"2024-09-19T09:13:38","date_gmt":"2024-09-19T06:13:38","guid":{"rendered":"https:\/\/test.corumbeltur.com.tr\/?page_id=7774"},"modified":"2024-10-28T09:11:55","modified_gmt":"2024-10-28T06:11:55","slug":"karavan","status":"publish","type":"page","link":"https:\/\/www.corumbeltur.com.tr\/?page_id=7774","title":{"rendered":"Karavan"},"content":{"rendered":"\t\t<div data-elementor-type=\"wp-page\" data-elementor-id=\"7774\" class=\"elementor elementor-7774\">\n\t\t\t\t<div class=\"elementor-element elementor-element-52b4afd e-flex e-con-boxed e-con e-parent\" data-id=\"52b4afd\" data-element_type=\"container\">\n\t\t\t\t\t<div class=\"e-con-inner\">\n\t\t\t\t<div class=\"elementor-element elementor-element-e529c58 elementor-widget elementor-widget-spacer\" data-id=\"e529c58\" data-element_type=\"widget\" data-widget_type=\"spacer.default\">\n\t\t\t\t<div class=\"elementor-widget-container\">\n\t\t\t\t\t<div class=\"elementor-spacer\">\n\t\t\t<div class=\"elementor-spacer-inner\"><\/div>\n\t\t<\/div>\n\t\t\t\t<\/div>\n\t\t\t\t<\/div>\n\t\t\t\t\t<\/div>\n\t\t\t\t<\/div>\n\t\t<div class=\"elementor-element elementor-element-7e4951c e-con-full e-flex e-con e-parent\" data-id=\"7e4951c\" data-element_type=\"container\">\n\t\t\t\t<div class=\"elementor-element elementor-element-ca1e4b0 elementor-widget elementor-widget-heading\" data-id=\"ca1e4b0\" data-element_type=\"widget\" data-widget_type=\"heading.default\">\n\t\t\t\t<div class=\"elementor-widget-container\">\n\t\t\t<h1 class=\"elementor-heading-title elementor-size-default\">Galeri<\/h1>\t\t<\/div>\n\t\t\t\t<\/div>\n\t\t\t\t<div class=\"elementor-element elementor-element-77e30c0 elementor-arrows-position-inside elementor-pagination-position-outside elementor-widget elementor-widget-image-carousel\" data-id=\"77e30c0\" data-element_type=\"widget\" data-settings=\"{&quot;navigation&quot;:&quot;both&quot;,&quot;autoplay&quot;:&quot;yes&quot;,&quot;pause_on_hover&quot;:&quot;yes&quot;,&quot;pause_on_interaction&quot;:&quot;yes&quot;,&quot;autoplay_speed&quot;:5000,&quot;infinite&quot;:&quot;yes&quot;,&quot;speed&quot;:500}\" data-widget_type=\"image-carousel.default\">\n\t\t\t\t<div class=\"elementor-widget-container\">\n\t\t\t\t\t<div class=\"elementor-image-carousel-wrapper swiper\" dir=\"ltr\">\n\t\t\t<div class=\"elementor-image-carousel swiper-wrapper\" aria-live=\"off\">\n\t\t\t\t\t\t\t\t<div class=\"swiper-slide\" role=\"group\" aria-roledescription=\"slide\" aria-label=\"1 \/ 11\"><a data-elementor-open-lightbox=\"yes\" data-elementor-lightbox-slideshow=\"77e30c0\" data-elementor-lightbox-title=\"1 (1)\" data-e-action-hash=\"#elementor-action%3Aaction%3Dlightbox%26settings%3DeyJpZCI6Nzc3NiwidXJsIjoiaHR0cHM6XC9cL3d3dy5jb3J1bWJlbHR1ci5jb20udHJcL3dwLWNvbnRlbnRcL3VwbG9hZHNcLzIwMjRcLzA5XC8xLTEuanBnIiwic2xpZGVzaG93IjoiNzdlMzBjMCJ9\" href=\"https:\/\/www.corumbeltur.com.tr\/wp-content\/uploads\/2024\/09\/1-1.jpg\"><figure class=\"swiper-slide-inner\"><img decoding=\"async\" class=\"swiper-slide-image\" src=\"https:\/\/www.corumbeltur.com.tr\/wp-content\/uploads\/2024\/09\/1-1.jpg\" alt=\"1 (1)\" \/><\/figure><\/a><\/div><div class=\"swiper-slide\" role=\"group\" aria-roledescription=\"slide\" aria-label=\"2 \/ 11\"><a data-elementor-open-lightbox=\"yes\" data-elementor-lightbox-slideshow=\"77e30c0\" data-elementor-lightbox-title=\"1 (2)\" data-e-action-hash=\"#elementor-action%3Aaction%3Dlightbox%26settings%3DeyJpZCI6Nzc3NywidXJsIjoiaHR0cHM6XC9cL3d3dy5jb3J1bWJlbHR1ci5jb20udHJcL3dwLWNvbnRlbnRcL3VwbG9hZHNcLzIwMjRcLzA5XC8xLTIuanBnIiwic2xpZGVzaG93IjoiNzdlMzBjMCJ9\" href=\"https:\/\/www.corumbeltur.com.tr\/wp-content\/uploads\/2024\/09\/1-2.jpg\"><figure class=\"swiper-slide-inner\"><img decoding=\"async\" class=\"swiper-slide-image\" src=\"https:\/\/www.corumbeltur.com.tr\/wp-content\/uploads\/2024\/09\/1-2.jpg\" alt=\"1 (2)\" \/><\/figure><\/a><\/div><div class=\"swiper-slide\" role=\"group\" aria-roledescription=\"slide\" aria-label=\"3 \/ 11\"><a data-elementor-open-lightbox=\"yes\" data-elementor-lightbox-slideshow=\"77e30c0\" data-elementor-lightbox-title=\"1 (3)\" data-e-action-hash=\"#elementor-action%3Aaction%3Dlightbox%26settings%3DeyJpZCI6Nzc3OCwidXJsIjoiaHR0cHM6XC9cL3d3dy5jb3J1bWJlbHR1ci5jb20udHJcL3dwLWNvbnRlbnRcL3VwbG9hZHNcLzIwMjRcLzA5XC8xLTMuanBnIiwic2xpZGVzaG93IjoiNzdlMzBjMCJ9\" href=\"https:\/\/www.corumbeltur.com.tr\/wp-content\/uploads\/2024\/09\/1-3.jpg\"><figure class=\"swiper-slide-inner\"><img decoding=\"async\" class=\"swiper-slide-image\" src=\"https:\/\/www.corumbeltur.com.tr\/wp-content\/uploads\/2024\/09\/1-3.jpg\" alt=\"1 (3)\" \/><\/figure><\/a><\/div><div class=\"swiper-slide\" role=\"group\" aria-roledescription=\"slide\" aria-label=\"4 \/ 11\"><a data-elementor-open-lightbox=\"yes\" data-elementor-lightbox-slideshow=\"77e30c0\" data-elementor-lightbox-title=\"1 (4)\" data-e-action-hash=\"#elementor-action%3Aaction%3Dlightbox%26settings%3DeyJpZCI6Nzc3OSwidXJsIjoiaHR0cHM6XC9cL3d3dy5jb3J1bWJlbHR1ci5jb20udHJcL3dwLWNvbnRlbnRcL3VwbG9hZHNcLzIwMjRcLzA5XC8xLTQuanBnIiwic2xpZGVzaG93IjoiNzdlMzBjMCJ9\" href=\"https:\/\/www.corumbeltur.com.tr\/wp-content\/uploads\/2024\/09\/1-4.jpg\"><figure class=\"swiper-slide-inner\"><img decoding=\"async\" class=\"swiper-slide-image\" src=\"https:\/\/www.corumbeltur.com.tr\/wp-content\/uploads\/2024\/09\/1-4.jpg\" alt=\"1 (4)\" \/><\/figure><\/a><\/div><div class=\"swiper-slide\" role=\"group\" aria-roledescription=\"slide\" aria-label=\"5 \/ 11\"><a data-elementor-open-lightbox=\"yes\" data-elementor-lightbox-slideshow=\"77e30c0\" data-elementor-lightbox-title=\"1 (5)\" data-e-action-hash=\"#elementor-action%3Aaction%3Dlightbox%26settings%3DeyJpZCI6Nzc4MCwidXJsIjoiaHR0cHM6XC9cL3d3dy5jb3J1bWJlbHR1ci5jb20udHJcL3dwLWNvbnRlbnRcL3VwbG9hZHNcLzIwMjRcLzA5XC8xLTUuanBnIiwic2xpZGVzaG93IjoiNzdlMzBjMCJ9\" href=\"https:\/\/www.corumbeltur.com.tr\/wp-content\/uploads\/2024\/09\/1-5.jpg\"><figure class=\"swiper-slide-inner\"><img decoding=\"async\" class=\"swiper-slide-image\" src=\"https:\/\/www.corumbeltur.com.tr\/wp-content\/uploads\/2024\/09\/1-5.jpg\" alt=\"1 (5)\" \/><\/figure><\/a><\/div><div class=\"swiper-slide\" role=\"group\" aria-roledescription=\"slide\" aria-label=\"6 \/ 11\"><a data-elementor-open-lightbox=\"yes\" data-elementor-lightbox-slideshow=\"77e30c0\" data-elementor-lightbox-title=\"1 (6)\" data-e-action-hash=\"#elementor-action%3Aaction%3Dlightbox%26settings%3DeyJpZCI6Nzc4MSwidXJsIjoiaHR0cHM6XC9cL3d3dy5jb3J1bWJlbHR1ci5jb20udHJcL3dwLWNvbnRlbnRcL3VwbG9hZHNcLzIwMjRcLzA5XC8xLTYuanBnIiwic2xpZGVzaG93IjoiNzdlMzBjMCJ9\" href=\"https:\/\/www.corumbeltur.com.tr\/wp-content\/uploads\/2024\/09\/1-6.jpg\"><figure class=\"swiper-slide-inner\"><img decoding=\"async\" class=\"swiper-slide-image\" src=\"https:\/\/www.corumbeltur.com.tr\/wp-content\/uploads\/2024\/09\/1-6.jpg\" alt=\"1 (6)\" \/><\/figure><\/a><\/div><div class=\"swiper-slide\" role=\"group\" aria-roledescription=\"slide\" aria-label=\"7 \/ 11\"><a data-elementor-open-lightbox=\"yes\" data-elementor-lightbox-slideshow=\"77e30c0\" data-elementor-lightbox-title=\"1 (7)\" data-e-action-hash=\"#elementor-action%3Aaction%3Dlightbox%26settings%3DeyJpZCI6Nzc4MiwidXJsIjoiaHR0cHM6XC9cL3d3dy5jb3J1bWJlbHR1ci5jb20udHJcL3dwLWNvbnRlbnRcL3VwbG9hZHNcLzIwMjRcLzA5XC8xLTcuanBnIiwic2xpZGVzaG93IjoiNzdlMzBjMCJ9\" href=\"https:\/\/www.corumbeltur.com.tr\/wp-content\/uploads\/2024\/09\/1-7.jpg\"><figure class=\"swiper-slide-inner\"><img decoding=\"async\" class=\"swiper-slide-image\" src=\"https:\/\/www.corumbeltur.com.tr\/wp-content\/uploads\/2024\/09\/1-7.jpg\" alt=\"1 (7)\" \/><\/figure><\/a><\/div><div class=\"swiper-slide\" role=\"group\" aria-roledescription=\"slide\" aria-label=\"8 \/ 11\"><a data-elementor-open-lightbox=\"yes\" data-elementor-lightbox-slideshow=\"77e30c0\" data-elementor-lightbox-title=\"1 (8)\" data-e-action-hash=\"#elementor-action%3Aaction%3Dlightbox%26settings%3DeyJpZCI6Nzc4MywidXJsIjoiaHR0cHM6XC9cL3d3dy5jb3J1bWJlbHR1ci5jb20udHJcL3dwLWNvbnRlbnRcL3VwbG9hZHNcLzIwMjRcLzA5XC8xLTguanBnIiwic2xpZGVzaG93IjoiNzdlMzBjMCJ9\" href=\"https:\/\/www.corumbeltur.com.tr\/wp-content\/uploads\/2024\/09\/1-8.jpg\"><figure class=\"swiper-slide-inner\"><img decoding=\"async\" class=\"swiper-slide-image\" src=\"https:\/\/www.corumbeltur.com.tr\/wp-content\/uploads\/2024\/09\/1-8.jpg\" alt=\"1 (8)\" \/><\/figure><\/a><\/div><div class=\"swiper-slide\" role=\"group\" aria-roledescription=\"slide\" aria-label=\"9 \/ 11\"><a data-elementor-open-lightbox=\"yes\" data-elementor-lightbox-slideshow=\"77e30c0\" data-elementor-lightbox-title=\"WhatsApp G\u00f6rsel 2024-09-18 saat 14.34.00_e1bd5039\" data-e-action-hash=\"#elementor-action%3Aaction%3Dlightbox%26settings%3DeyJpZCI6Nzc4NCwidXJsIjoiaHR0cHM6XC9cL3d3dy5jb3J1bWJlbHR1ci5jb20udHJcL3dwLWNvbnRlbnRcL3VwbG9hZHNcLzIwMjRcLzA5XC9XaGF0c0FwcC1Hb3JzZWwtMjAyNC0wOS0xOC1zYWF0LTE0LjM0LjAwX2UxYmQ1MDM5LmpwZyIsInNsaWRlc2hvdyI6Ijc3ZTMwYzAifQ%3D%3D\" href=\"https:\/\/www.corumbeltur.com.tr\/wp-content\/uploads\/2024\/09\/WhatsApp-Gorsel-2024-09-18-saat-14.34.00_e1bd5039.jpg\"><figure class=\"swiper-slide-inner\"><img decoding=\"async\" class=\"swiper-slide-image\" src=\"https:\/\/www.corumbeltur.com.tr\/wp-content\/uploads\/2024\/09\/WhatsApp-Gorsel-2024-09-18-saat-14.34.00_e1bd5039.jpg\" alt=\"WhatsApp G\u00f6rsel 2024-09-18 saat 14.34.00_e1bd5039\" \/><\/figure><\/a><\/div><div class=\"swiper-slide\" role=\"group\" aria-roledescription=\"slide\" aria-label=\"10 \/ 11\"><a data-elementor-open-lightbox=\"yes\" data-elementor-lightbox-slideshow=\"77e30c0\" data-elementor-lightbox-title=\"WhatsApp G\u00f6rsel 2024-09-18 saat 14.34.07_421949e5\" data-e-action-hash=\"#elementor-action%3Aaction%3Dlightbox%26settings%3DeyJpZCI6Nzc4NSwidXJsIjoiaHR0cHM6XC9cL3d3dy5jb3J1bWJlbHR1ci5jb20udHJcL3dwLWNvbnRlbnRcL3VwbG9hZHNcLzIwMjRcLzA5XC9XaGF0c0FwcC1Hb3JzZWwtMjAyNC0wOS0xOC1zYWF0LTE0LjM0LjA3XzQyMTk0OWU1LmpwZyIsInNsaWRlc2hvdyI6Ijc3ZTMwYzAifQ%3D%3D\" href=\"https:\/\/www.corumbeltur.com.tr\/wp-content\/uploads\/2024\/09\/WhatsApp-Gorsel-2024-09-18-saat-14.34.07_421949e5.jpg\"><figure class=\"swiper-slide-inner\"><img decoding=\"async\" class=\"swiper-slide-image\" src=\"https:\/\/www.corumbeltur.com.tr\/wp-content\/uploads\/2024\/09\/WhatsApp-Gorsel-2024-09-18-saat-14.34.07_421949e5.jpg\" alt=\"WhatsApp G\u00f6rsel 2024-09-18 saat 14.34.07_421949e5\" \/><\/figure><\/a><\/div><div class=\"swiper-slide\" role=\"group\" aria-roledescription=\"slide\" aria-label=\"11 \/ 11\"><a data-elementor-open-lightbox=\"yes\" data-elementor-lightbox-slideshow=\"77e30c0\" data-elementor-lightbox-title=\"WhatsApp G\u00f6rsel 2024-09-18 saat 14.34.08_8e2b265b\" data-e-action-hash=\"#elementor-action%3Aaction%3Dlightbox%26settings%3DeyJpZCI6Nzc4NiwidXJsIjoiaHR0cHM6XC9cL3d3dy5jb3J1bWJlbHR1ci5jb20udHJcL3dwLWNvbnRlbnRcL3VwbG9hZHNcLzIwMjRcLzA5XC9XaGF0c0FwcC1Hb3JzZWwtMjAyNC0wOS0xOC1zYWF0LTE0LjM0LjA4XzhlMmIyNjViLmpwZyIsInNsaWRlc2hvdyI6Ijc3ZTMwYzAifQ%3D%3D\" href=\"https:\/\/www.corumbeltur.com.tr\/wp-content\/uploads\/2024\/09\/WhatsApp-Gorsel-2024-09-18-saat-14.34.08_8e2b265b.jpg\"><figure class=\"swiper-slide-inner\"><img decoding=\"async\" class=\"swiper-slide-image\" src=\"https:\/\/www.corumbeltur.com.tr\/wp-content\/uploads\/2024\/09\/WhatsApp-Gorsel-2024-09-18-saat-14.34.08_8e2b265b.jpg\" alt=\"WhatsApp G\u00f6rsel 2024-09-18 saat 14.34.08_8e2b265b\" \/><\/figure><\/a><\/div>\t\t\t<\/div>\n\t\t\t\t\t\t\t\t\t\t\t\t<div class=\"elementor-swiper-button elementor-swiper-button-prev\" role=\"button\" tabindex=\"0\">\n\t\t\t\t\t\t<svg aria-hidden=\"true\" class=\"e-font-icon-svg e-fas-arrow-alt-circle-left\" viewBox=\"0 0 512 512\" xmlns=\"http:\/\/www.w3.org\/2000\/svg\"><path d=\"M256 504C119 504 8 393 8 256S119 8 256 8s248 111 248 248-111 248-248 248zm116-292H256v-70.9c0-10.7-13-16.1-20.5-8.5L121.2 247.5c-4.7 4.7-4.7 12.2 0 16.9l114.3 114.9c7.6 7.6 20.5 2.2 20.5-8.5V300h116c6.6 0 12-5.4 12-12v-64c0-6.6-5.4-12-12-12z\"><\/path><\/svg>\t\t\t\t\t<\/div>\n\t\t\t\t\t<div class=\"elementor-swiper-button elementor-swiper-button-next\" role=\"button\" tabindex=\"0\">\n\t\t\t\t\t\t<svg aria-hidden=\"true\" class=\"e-font-icon-svg e-fas-arrow-alt-circle-right\" viewBox=\"0 0 512 512\" xmlns=\"http:\/\/www.w3.org\/2000\/svg\"><path d=\"M256 8c137 0 248 111 248 248S393 504 256 504 8 393 8 256 119 8 256 8zM140 300h116v70.9c0 10.7 13 16.1 20.5 8.5l114.3-114.9c4.7-4.7 4.7-12.2 0-16.9l-114.3-115c-7.6-7.6-20.5-2.2-20.5 8.5V212H140c-6.6 0-12 5.4-12 12v64c0 6.6 5.4 12 12 12z\"><\/path><\/svg>\t\t\t\t\t<\/div>\n\t\t\t\t\n\t\t\t\t\t\t\t\t\t<div class=\"swiper-pagination\"><\/div>\n\t\t\t\t\t\t\t\t\t<\/div>\n\t\t\t\t<\/div>\n\t\t\t\t<\/div>\n\t\t\t\t<div class=\"elementor-element elementor-element-96545b3 elementor-widget elementor-widget-spacer\" data-id=\"96545b3\" data-element_type=\"widget\" data-widget_type=\"spacer.default\">\n\t\t\t\t<div class=\"elementor-widget-container\">\n\t\t\t\t\t<div class=\"elementor-spacer\">\n\t\t\t<div class=\"elementor-spacer-inner\"><\/div>\n\t\t<\/div>\n\t\t\t\t<\/div>\n\t\t\t\t<\/div>\n\t\t\t\t<\/div>\n\t\t<div class=\"elementor-element elementor-element-28d3aba e-flex e-con-boxed e-con e-parent\" data-id=\"28d3aba\" data-element_type=\"container\">\n\t\t\t\t\t<div class=\"e-con-inner\">\n\t\t<div class=\"elementor-element elementor-element-080a79e e-grid e-con-full e-con e-child\" data-id=\"080a79e\" data-element_type=\"container\">\n\t\t\t\t<div class=\"elementor-element elementor-element-21c0692 elementor-widget elementor-widget-google_maps\" data-id=\"21c0692\" data-element_type=\"widget\" data-widget_type=\"google_maps.default\">\n\t\t\t\t<div class=\"elementor-widget-container\">\n\t\t\t\t\t<div class=\"elementor-custom-embed\">\n\t\t\t<iframe loading=\"lazy\"\n\t\t\t\t\tsrc=\"https:\/\/maps.google.com\/maps?q=Gazi%20Cad.%20No%3A%20111&#038;t=m&#038;z=18&#038;output=embed&#038;iwloc=near\"\n\t\t\t\t\ttitle=\"Gazi Cad. No: 111\"\n\t\t\t\t\taria-label=\"Gazi Cad. No: 111\"\n\t\t\t><\/iframe>\n\t\t<\/div>\n\t\t\t\t<\/div>\n\t\t\t\t<\/div>\n\t\t\t\t<div class=\"elementor-element elementor-element-76a9c1d elementor-widget elementor-widget-text-editor\" data-id=\"76a9c1d\" data-element_type=\"widget\" data-widget_type=\"text-editor.default\">\n\t\t\t\t<div class=\"elementor-widget-container\">\n\t\t\t\t\t\t\t<div class=\"vs-info-table\"><table><tbody><tr><td>Tesis Ad\u0131:<\/td><td>Karavan<\/td><\/tr><tr><td>Telefon:<\/td><td>0 (364) 319 24 19<\/td><\/tr><tr><td>E-posta:<\/td><td>tesisler@corum.bel.tr<\/td><\/tr><tr><td>A\u00e7\u0131k saatler:<\/td><td>Haftan\u0131n her g\u00fcn\u00fc:<br \/>15.00 &#8211; 23.00<\/td><\/tr><\/tbody><\/table><\/div>\t\t\t\t\t\t<\/div>\n\t\t\t\t<\/div>\n\t\t\t\t<\/div>\n\t\t\t\t\t<\/div>\n\t\t\t\t<\/div>\n\t\t\t\t<\/div>\n\t\t","protected":false},"excerpt":{"rendered":"<p>Galeri Tesis Ad\u0131: Karavan Telefon: 0 (364) 319 24 19 E-posta: tesisler@corum.bel.tr A\u00e7\u0131k saatler: Haftan\u0131n her g\u00fcn\u00fc:15.00 &#8211; 23.00<\/p>\n","protected":false},"author":1,"featured_media":0,"parent":7476,"menu_order":12,"comment_status":"closed","ping_status":"closed","template":"elementor_header_footer","meta":{"footnotes":""},"class_list":["post-7774","page","type-page","status-publish","hentry"],"_links":{"self":[{"href":"https:\/\/www.corumbeltur.com.tr\/index.php?rest_route=\/wp\/v2\/pages\/7774","targetHints":{"allow":["GET"]}}],"collection":[{"href":"https:\/\/www.corumbeltur.com.tr\/index.php?rest_route=\/wp\/v2\/pages"}],"about":[{"href":"https:\/\/www.corumbeltur.com.tr\/index.php?rest_route=\/wp\/v2\/types\/page"}],"author":[{"embeddable":true,"href":"https:\/\/www.corumbeltur.com.tr\/index.php?rest_route=\/wp\/v2\/users\/1"}],"replies":[{"embeddable":true,"href":"https:\/\/www.corumbeltur.com.tr\/index.php?rest_route=%2Fwp%2Fv2%2Fcomments&post=7774"}],"version-history":[{"count":10,"href":"https:\/\/www.corumbeltur.com.tr\/index.php?rest_route=\/wp\/v2\/pages\/7774\/revisions"}],"predecessor-version":[{"id":8136,"href":"https:\/\/www.corumbeltur.com.tr\/index.php?rest_route=\/wp\/v2\/pages\/7774\/revisions\/8136"}],"up":[{"embeddable":true,"href":"https:\/\/www.corumbeltur.com.tr\/index.php?rest_route=\/wp\/v2\/pages\/7476"}],"wp:attachment":[{"href":"https:\/\/www.corumbeltur.com.tr\/index.php?rest_route=%2Fwp%2Fv2%2Fmedia&parent=7774"}],"curies":[{"name":"wp","href":"https:\/\/api.w.org\/{rel}","templated":true}]}}