{"id":9836,"date":"2025-07-10T14:00:37","date_gmt":"2025-07-10T11:00:37","guid":{"rendered":"https:\/\/www.corumbeltur.com.tr\/?page_id=9836"},"modified":"2025-08-05T16:50:01","modified_gmt":"2025-08-05T13:50:01","slug":"kerebi-gazi-sosyal-tesisleri","status":"publish","type":"page","link":"https:\/\/www.corumbeltur.com.tr\/?page_id=9836","title":{"rendered":"Kerebi Gazi Sosyal Tesisleri"},"content":{"rendered":"\t\t<div data-elementor-type=\"wp-page\" data-elementor-id=\"9836\" class=\"elementor elementor-9836\">\n\t\t\t\t<div class=\"elementor-element elementor-element-52b4afd e-flex e-con-boxed e-con e-parent\" data-id=\"52b4afd\" data-element_type=\"container\">\n\t\t\t\t\t<div class=\"e-con-inner\">\n\t\t\t\t<div class=\"elementor-element elementor-element-9237223 elementor-widget elementor-widget-heading\" data-id=\"9237223\" data-element_type=\"widget\" data-widget_type=\"heading.default\">\n\t\t\t\t<div class=\"elementor-widget-container\">\n\t\t\t<h1 class=\"elementor-heading-title elementor-size-default\">Men\u00fc<\/h1>\t\t<\/div>\n\t\t\t\t<\/div>\n\t\t\t\t<div class=\"elementor-element elementor-element-5cbd5dc elementor-widget elementor-widget-shortcode\" data-id=\"5cbd5dc\" data-element_type=\"widget\" data-widget_type=\"shortcode.default\">\n\t\t\t\t<div class=\"elementor-widget-container\">\n\t\t\t\t\t<div class=\"elementor-shortcode\"><\/div>\n\t\t\t\t<\/div>\n\t\t\t\t<\/div>\n\t\t\t\t\t<\/div>\n\t\t\t\t<\/div>\n\t\t<div class=\"elementor-element elementor-element-7e4951c e-con-full e-flex e-con e-parent\" data-id=\"7e4951c\" data-element_type=\"container\">\n\t\t\t\t<div class=\"elementor-element elementor-element-ca1e4b0 elementor-widget elementor-widget-heading\" data-id=\"ca1e4b0\" data-element_type=\"widget\" data-widget_type=\"heading.default\">\n\t\t\t\t<div class=\"elementor-widget-container\">\n\t\t\t<h1 class=\"elementor-heading-title elementor-size-default\">Galeri<\/h1>\t\t<\/div>\n\t\t\t\t<\/div>\n\t\t\t\t<div class=\"elementor-element elementor-element-77e30c0 elementor-arrows-position-inside elementor-pagination-position-outside elementor-widget elementor-widget-image-carousel\" data-id=\"77e30c0\" data-element_type=\"widget\" data-settings=\"{&quot;navigation&quot;:&quot;both&quot;,&quot;autoplay&quot;:&quot;yes&quot;,&quot;pause_on_hover&quot;:&quot;yes&quot;,&quot;pause_on_interaction&quot;:&quot;yes&quot;,&quot;autoplay_speed&quot;:5000,&quot;infinite&quot;:&quot;yes&quot;,&quot;speed&quot;:500}\" data-widget_type=\"image-carousel.default\">\n\t\t\t\t<div class=\"elementor-widget-container\">\n\t\t\t\t\t<div class=\"elementor-image-carousel-wrapper swiper\" dir=\"ltr\">\n\t\t\t<div class=\"elementor-image-carousel swiper-wrapper\" aria-live=\"off\">\n\t\t\t\t\t\t\t\t<div class=\"swiper-slide\" role=\"group\" aria-roledescription=\"slide\" aria-label=\"1 \/ 15\"><a data-elementor-open-lightbox=\"yes\" data-elementor-lightbox-slideshow=\"77e30c0\" data-elementor-lightbox-title=\"IMG_6581\" data-e-action-hash=\"#elementor-action%3Aaction%3Dlightbox%26settings%3DeyJpZCI6OTgzNywidXJsIjoiaHR0cHM6XC9cL3d3dy5jb3J1bWJlbHR1ci5jb20udHJcL3dwLWNvbnRlbnRcL3VwbG9hZHNcLzIwMjVcLzA3XC9JTUdfNjU4MS1zY2FsZWQuanBnIiwic2xpZGVzaG93IjoiNzdlMzBjMCJ9\" href=\"https:\/\/www.corumbeltur.com.tr\/wp-content\/uploads\/2025\/07\/IMG_6581-scaled.jpg\"><figure class=\"swiper-slide-inner\"><img decoding=\"async\" class=\"swiper-slide-image\" src=\"https:\/\/www.corumbeltur.com.tr\/wp-content\/uploads\/2025\/07\/IMG_6581-scaled.jpg\" alt=\"IMG_6581\" \/><\/figure><\/a><\/div><div class=\"swiper-slide\" role=\"group\" aria-roledescription=\"slide\" aria-label=\"2 \/ 15\"><a data-elementor-open-lightbox=\"yes\" data-elementor-lightbox-slideshow=\"77e30c0\" data-elementor-lightbox-title=\"IMG_6582\" data-e-action-hash=\"#elementor-action%3Aaction%3Dlightbox%26settings%3DeyJpZCI6OTgzOCwidXJsIjoiaHR0cHM6XC9cL3d3dy5jb3J1bWJlbHR1ci5jb20udHJcL3dwLWNvbnRlbnRcL3VwbG9hZHNcLzIwMjVcLzA3XC9JTUdfNjU4Mi1zY2FsZWQuanBnIiwic2xpZGVzaG93IjoiNzdlMzBjMCJ9\" href=\"https:\/\/www.corumbeltur.com.tr\/wp-content\/uploads\/2025\/07\/IMG_6582-scaled.jpg\"><figure class=\"swiper-slide-inner\"><img decoding=\"async\" class=\"swiper-slide-image\" src=\"https:\/\/www.corumbeltur.com.tr\/wp-content\/uploads\/2025\/07\/IMG_6582-scaled.jpg\" alt=\"IMG_6582\" \/><\/figure><\/a><\/div><div class=\"swiper-slide\" role=\"group\" aria-roledescription=\"slide\" aria-label=\"3 \/ 15\"><a data-elementor-open-lightbox=\"yes\" data-elementor-lightbox-slideshow=\"77e30c0\" data-elementor-lightbox-title=\"IMG_6583\" data-e-action-hash=\"#elementor-action%3Aaction%3Dlightbox%26settings%3DeyJpZCI6OTgzOSwidXJsIjoiaHR0cHM6XC9cL3d3dy5jb3J1bWJlbHR1ci5jb20udHJcL3dwLWNvbnRlbnRcL3VwbG9hZHNcLzIwMjVcLzA3XC9JTUdfNjU4My1zY2FsZWQuanBnIiwic2xpZGVzaG93IjoiNzdlMzBjMCJ9\" href=\"https:\/\/www.corumbeltur.com.tr\/wp-content\/uploads\/2025\/07\/IMG_6583-scaled.jpg\"><figure class=\"swiper-slide-inner\"><img decoding=\"async\" class=\"swiper-slide-image\" src=\"https:\/\/www.corumbeltur.com.tr\/wp-content\/uploads\/2025\/07\/IMG_6583-scaled.jpg\" alt=\"IMG_6583\" \/><\/figure><\/a><\/div><div class=\"swiper-slide\" role=\"group\" aria-roledescription=\"slide\" aria-label=\"4 \/ 15\"><a data-elementor-open-lightbox=\"yes\" data-elementor-lightbox-slideshow=\"77e30c0\" data-elementor-lightbox-title=\"IMG_6584\" data-e-action-hash=\"#elementor-action%3Aaction%3Dlightbox%26settings%3DeyJpZCI6OTg0MCwidXJsIjoiaHR0cHM6XC9cL3d3dy5jb3J1bWJlbHR1ci5jb20udHJcL3dwLWNvbnRlbnRcL3VwbG9hZHNcLzIwMjVcLzA3XC9JTUdfNjU4NC1zY2FsZWQuanBnIiwic2xpZGVzaG93IjoiNzdlMzBjMCJ9\" href=\"https:\/\/www.corumbeltur.com.tr\/wp-content\/uploads\/2025\/07\/IMG_6584-scaled.jpg\"><figure class=\"swiper-slide-inner\"><img decoding=\"async\" class=\"swiper-slide-image\" src=\"https:\/\/www.corumbeltur.com.tr\/wp-content\/uploads\/2025\/07\/IMG_6584-scaled.jpg\" alt=\"IMG_6584\" \/><\/figure><\/a><\/div><div class=\"swiper-slide\" role=\"group\" aria-roledescription=\"slide\" aria-label=\"5 \/ 15\"><a data-elementor-open-lightbox=\"yes\" data-elementor-lightbox-slideshow=\"77e30c0\" data-elementor-lightbox-title=\"IMG_6585\" data-e-action-hash=\"#elementor-action%3Aaction%3Dlightbox%26settings%3DeyJpZCI6OTg0MSwidXJsIjoiaHR0cHM6XC9cL3d3dy5jb3J1bWJlbHR1ci5jb20udHJcL3dwLWNvbnRlbnRcL3VwbG9hZHNcLzIwMjVcLzA3XC9JTUdfNjU4NS1zY2FsZWQuanBnIiwic2xpZGVzaG93IjoiNzdlMzBjMCJ9\" href=\"https:\/\/www.corumbeltur.com.tr\/wp-content\/uploads\/2025\/07\/IMG_6585-scaled.jpg\"><figure class=\"swiper-slide-inner\"><img decoding=\"async\" class=\"swiper-slide-image\" src=\"https:\/\/www.corumbeltur.com.tr\/wp-content\/uploads\/2025\/07\/IMG_6585-scaled.jpg\" alt=\"IMG_6585\" \/><\/figure><\/a><\/div><div class=\"swiper-slide\" role=\"group\" aria-roledescription=\"slide\" aria-label=\"6 \/ 15\"><a data-elementor-open-lightbox=\"yes\" data-elementor-lightbox-slideshow=\"77e30c0\" data-elementor-lightbox-title=\"IMG_6586\" data-e-action-hash=\"#elementor-action%3Aaction%3Dlightbox%26settings%3DeyJpZCI6OTg0MiwidXJsIjoiaHR0cHM6XC9cL3d3dy5jb3J1bWJlbHR1ci5jb20udHJcL3dwLWNvbnRlbnRcL3VwbG9hZHNcLzIwMjVcLzA3XC9JTUdfNjU4Ni1zY2FsZWQuanBnIiwic2xpZGVzaG93IjoiNzdlMzBjMCJ9\" href=\"https:\/\/www.corumbeltur.com.tr\/wp-content\/uploads\/2025\/07\/IMG_6586-scaled.jpg\"><figure class=\"swiper-slide-inner\"><img decoding=\"async\" class=\"swiper-slide-image\" src=\"https:\/\/www.corumbeltur.com.tr\/wp-content\/uploads\/2025\/07\/IMG_6586-scaled.jpg\" alt=\"IMG_6586\" \/><\/figure><\/a><\/div><div class=\"swiper-slide\" role=\"group\" aria-roledescription=\"slide\" aria-label=\"7 \/ 15\"><a data-elementor-open-lightbox=\"yes\" data-elementor-lightbox-slideshow=\"77e30c0\" data-elementor-lightbox-title=\"IMG_6587\" data-e-action-hash=\"#elementor-action%3Aaction%3Dlightbox%26settings%3DeyJpZCI6OTg0MywidXJsIjoiaHR0cHM6XC9cL3d3dy5jb3J1bWJlbHR1ci5jb20udHJcL3dwLWNvbnRlbnRcL3VwbG9hZHNcLzIwMjVcLzA3XC9JTUdfNjU4Ny1zY2FsZWQuanBnIiwic2xpZGVzaG93IjoiNzdlMzBjMCJ9\" href=\"https:\/\/www.corumbeltur.com.tr\/wp-content\/uploads\/2025\/07\/IMG_6587-scaled.jpg\"><figure class=\"swiper-slide-inner\"><img decoding=\"async\" class=\"swiper-slide-image\" src=\"https:\/\/www.corumbeltur.com.tr\/wp-content\/uploads\/2025\/07\/IMG_6587-scaled.jpg\" alt=\"IMG_6587\" \/><\/figure><\/a><\/div><div class=\"swiper-slide\" role=\"group\" aria-roledescription=\"slide\" aria-label=\"8 \/ 15\"><a data-elementor-open-lightbox=\"yes\" data-elementor-lightbox-slideshow=\"77e30c0\" data-elementor-lightbox-title=\"IMG_6588\" data-e-action-hash=\"#elementor-action%3Aaction%3Dlightbox%26settings%3DeyJpZCI6OTg0NCwidXJsIjoiaHR0cHM6XC9cL3d3dy5jb3J1bWJlbHR1ci5jb20udHJcL3dwLWNvbnRlbnRcL3VwbG9hZHNcLzIwMjVcLzA3XC9JTUdfNjU4OC1zY2FsZWQuanBnIiwic2xpZGVzaG93IjoiNzdlMzBjMCJ9\" href=\"https:\/\/www.corumbeltur.com.tr\/wp-content\/uploads\/2025\/07\/IMG_6588-scaled.jpg\"><figure class=\"swiper-slide-inner\"><img decoding=\"async\" class=\"swiper-slide-image\" src=\"https:\/\/www.corumbeltur.com.tr\/wp-content\/uploads\/2025\/07\/IMG_6588-scaled.jpg\" alt=\"IMG_6588\" \/><\/figure><\/a><\/div><div class=\"swiper-slide\" role=\"group\" aria-roledescription=\"slide\" aria-label=\"9 \/ 15\"><a data-elementor-open-lightbox=\"yes\" data-elementor-lightbox-slideshow=\"77e30c0\" data-elementor-lightbox-title=\"IMG_6589\" data-e-action-hash=\"#elementor-action%3Aaction%3Dlightbox%26settings%3DeyJpZCI6OTg0NSwidXJsIjoiaHR0cHM6XC9cL3d3dy5jb3J1bWJlbHR1ci5jb20udHJcL3dwLWNvbnRlbnRcL3VwbG9hZHNcLzIwMjVcLzA3XC9JTUdfNjU4OS1zY2FsZWQuanBnIiwic2xpZGVzaG93IjoiNzdlMzBjMCJ9\" href=\"https:\/\/www.corumbeltur.com.tr\/wp-content\/uploads\/2025\/07\/IMG_6589-scaled.jpg\"><figure class=\"swiper-slide-inner\"><img decoding=\"async\" class=\"swiper-slide-image\" src=\"https:\/\/www.corumbeltur.com.tr\/wp-content\/uploads\/2025\/07\/IMG_6589-scaled.jpg\" alt=\"IMG_6589\" \/><\/figure><\/a><\/div><div class=\"swiper-slide\" role=\"group\" aria-roledescription=\"slide\" aria-label=\"10 \/ 15\"><a data-elementor-open-lightbox=\"yes\" data-elementor-lightbox-slideshow=\"77e30c0\" data-elementor-lightbox-title=\"IMG_6590\" data-e-action-hash=\"#elementor-action%3Aaction%3Dlightbox%26settings%3DeyJpZCI6OTg0NiwidXJsIjoiaHR0cHM6XC9cL3d3dy5jb3J1bWJlbHR1ci5jb20udHJcL3dwLWNvbnRlbnRcL3VwbG9hZHNcLzIwMjVcLzA3XC9JTUdfNjU5MC1zY2FsZWQuanBnIiwic2xpZGVzaG93IjoiNzdlMzBjMCJ9\" href=\"https:\/\/www.corumbeltur.com.tr\/wp-content\/uploads\/2025\/07\/IMG_6590-scaled.jpg\"><figure class=\"swiper-slide-inner\"><img decoding=\"async\" class=\"swiper-slide-image\" src=\"https:\/\/www.corumbeltur.com.tr\/wp-content\/uploads\/2025\/07\/IMG_6590-scaled.jpg\" alt=\"IMG_6590\" \/><\/figure><\/a><\/div><div class=\"swiper-slide\" role=\"group\" aria-roledescription=\"slide\" aria-label=\"11 \/ 15\"><a data-elementor-open-lightbox=\"yes\" data-elementor-lightbox-slideshow=\"77e30c0\" data-elementor-lightbox-title=\"IMG_6591\" data-e-action-hash=\"#elementor-action%3Aaction%3Dlightbox%26settings%3DeyJpZCI6OTg0NywidXJsIjoiaHR0cHM6XC9cL3d3dy5jb3J1bWJlbHR1ci5jb20udHJcL3dwLWNvbnRlbnRcL3VwbG9hZHNcLzIwMjVcLzA3XC9JTUdfNjU5MS1zY2FsZWQuanBnIiwic2xpZGVzaG93IjoiNzdlMzBjMCJ9\" href=\"https:\/\/www.corumbeltur.com.tr\/wp-content\/uploads\/2025\/07\/IMG_6591-scaled.jpg\"><figure class=\"swiper-slide-inner\"><img decoding=\"async\" class=\"swiper-slide-image\" src=\"https:\/\/www.corumbeltur.com.tr\/wp-content\/uploads\/2025\/07\/IMG_6591-scaled.jpg\" alt=\"IMG_6591\" \/><\/figure><\/a><\/div><div class=\"swiper-slide\" role=\"group\" aria-roledescription=\"slide\" aria-label=\"12 \/ 15\"><a data-elementor-open-lightbox=\"yes\" data-elementor-lightbox-slideshow=\"77e30c0\" data-elementor-lightbox-title=\"IMG_6592\" data-e-action-hash=\"#elementor-action%3Aaction%3Dlightbox%26settings%3DeyJpZCI6OTg0OCwidXJsIjoiaHR0cHM6XC9cL3d3dy5jb3J1bWJlbHR1ci5jb20udHJcL3dwLWNvbnRlbnRcL3VwbG9hZHNcLzIwMjVcLzA3XC9JTUdfNjU5Mi1zY2FsZWQuanBnIiwic2xpZGVzaG93IjoiNzdlMzBjMCJ9\" href=\"https:\/\/www.corumbeltur.com.tr\/wp-content\/uploads\/2025\/07\/IMG_6592-scaled.jpg\"><figure class=\"swiper-slide-inner\"><img decoding=\"async\" class=\"swiper-slide-image\" src=\"https:\/\/www.corumbeltur.com.tr\/wp-content\/uploads\/2025\/07\/IMG_6592-scaled.jpg\" alt=\"IMG_6592\" \/><\/figure><\/a><\/div><div class=\"swiper-slide\" role=\"group\" aria-roledescription=\"slide\" aria-label=\"13 \/ 15\"><a data-elementor-open-lightbox=\"yes\" data-elementor-lightbox-slideshow=\"77e30c0\" data-elementor-lightbox-title=\"IMG_6593\" data-e-action-hash=\"#elementor-action%3Aaction%3Dlightbox%26settings%3DeyJpZCI6OTg0OSwidXJsIjoiaHR0cHM6XC9cL3d3dy5jb3J1bWJlbHR1ci5jb20udHJcL3dwLWNvbnRlbnRcL3VwbG9hZHNcLzIwMjVcLzA3XC9JTUdfNjU5My1zY2FsZWQuanBnIiwic2xpZGVzaG93IjoiNzdlMzBjMCJ9\" href=\"https:\/\/www.corumbeltur.com.tr\/wp-content\/uploads\/2025\/07\/IMG_6593-scaled.jpg\"><figure class=\"swiper-slide-inner\"><img decoding=\"async\" class=\"swiper-slide-image\" src=\"https:\/\/www.corumbeltur.com.tr\/wp-content\/uploads\/2025\/07\/IMG_6593-scaled.jpg\" alt=\"IMG_6593\" \/><\/figure><\/a><\/div><div class=\"swiper-slide\" role=\"group\" aria-roledescription=\"slide\" aria-label=\"14 \/ 15\"><a data-elementor-open-lightbox=\"yes\" data-elementor-lightbox-slideshow=\"77e30c0\" data-elementor-lightbox-title=\"IMG_6594\" data-e-action-hash=\"#elementor-action%3Aaction%3Dlightbox%26settings%3DeyJpZCI6OTg1MCwidXJsIjoiaHR0cHM6XC9cL3d3dy5jb3J1bWJlbHR1ci5jb20udHJcL3dwLWNvbnRlbnRcL3VwbG9hZHNcLzIwMjVcLzA3XC9JTUdfNjU5NC1zY2FsZWQuanBnIiwic2xpZGVzaG93IjoiNzdlMzBjMCJ9\" href=\"https:\/\/www.corumbeltur.com.tr\/wp-content\/uploads\/2025\/07\/IMG_6594-scaled.jpg\"><figure class=\"swiper-slide-inner\"><img decoding=\"async\" class=\"swiper-slide-image\" src=\"https:\/\/www.corumbeltur.com.tr\/wp-content\/uploads\/2025\/07\/IMG_6594-scaled.jpg\" alt=\"IMG_6594\" \/><\/figure><\/a><\/div><div class=\"swiper-slide\" role=\"group\" aria-roledescription=\"slide\" aria-label=\"15 \/ 15\"><a data-elementor-open-lightbox=\"yes\" data-elementor-lightbox-slideshow=\"77e30c0\" data-elementor-lightbox-title=\"IMG_6595\" data-e-action-hash=\"#elementor-action%3Aaction%3Dlightbox%26settings%3DeyJpZCI6OTg1MSwidXJsIjoiaHR0cHM6XC9cL3d3dy5jb3J1bWJlbHR1ci5jb20udHJcL3dwLWNvbnRlbnRcL3VwbG9hZHNcLzIwMjVcLzA3XC9JTUdfNjU5NS1zY2FsZWQuanBnIiwic2xpZGVzaG93IjoiNzdlMzBjMCJ9\" href=\"https:\/\/www.corumbeltur.com.tr\/wp-content\/uploads\/2025\/07\/IMG_6595-scaled.jpg\"><figure class=\"swiper-slide-inner\"><img decoding=\"async\" class=\"swiper-slide-image\" src=\"https:\/\/www.corumbeltur.com.tr\/wp-content\/uploads\/2025\/07\/IMG_6595-scaled.jpg\" alt=\"IMG_6595\" \/><\/figure><\/a><\/div>\t\t\t<\/div>\n\t\t\t\t\t\t\t\t\t\t\t\t<div class=\"elementor-swiper-button elementor-swiper-button-prev\" role=\"button\" tabindex=\"0\">\n\t\t\t\t\t\t<svg aria-hidden=\"true\" class=\"e-font-icon-svg e-fas-arrow-alt-circle-left\" viewBox=\"0 0 512 512\" xmlns=\"http:\/\/www.w3.org\/2000\/svg\"><path d=\"M256 504C119 504 8 393 8 256S119 8 256 8s248 111 248 248-111 248-248 248zm116-292H256v-70.9c0-10.7-13-16.1-20.5-8.5L121.2 247.5c-4.7 4.7-4.7 12.2 0 16.9l114.3 114.9c7.6 7.6 20.5 2.2 20.5-8.5V300h116c6.6 0 12-5.4 12-12v-64c0-6.6-5.4-12-12-12z\"><\/path><\/svg>\t\t\t\t\t<\/div>\n\t\t\t\t\t<div class=\"elementor-swiper-button elementor-swiper-button-next\" role=\"button\" tabindex=\"0\">\n\t\t\t\t\t\t<svg aria-hidden=\"true\" class=\"e-font-icon-svg e-fas-arrow-alt-circle-right\" viewBox=\"0 0 512 512\" xmlns=\"http:\/\/www.w3.org\/2000\/svg\"><path d=\"M256 8c137 0 248 111 248 248S393 504 256 504 8 393 8 256 119 8 256 8zM140 300h116v70.9c0 10.7 13 16.1 20.5 8.5l114.3-114.9c4.7-4.7 4.7-12.2 0-16.9l-114.3-115c-7.6-7.6-20.5-2.2-20.5 8.5V212H140c-6.6 0-12 5.4-12 12v64c0 6.6 5.4 12 12 12z\"><\/path><\/svg>\t\t\t\t\t<\/div>\n\t\t\t\t\n\t\t\t\t\t\t\t\t\t<div class=\"swiper-pagination\"><\/div>\n\t\t\t\t\t\t\t\t\t<\/div>\n\t\t\t\t<\/div>\n\t\t\t\t<\/div>\n\t\t\t\t<div class=\"elementor-element elementor-element-96545b3 elementor-widget elementor-widget-spacer\" data-id=\"96545b3\" data-element_type=\"widget\" data-widget_type=\"spacer.default\">\n\t\t\t\t<div class=\"elementor-widget-container\">\n\t\t\t\t\t<div class=\"elementor-spacer\">\n\t\t\t<div class=\"elementor-spacer-inner\"><\/div>\n\t\t<\/div>\n\t\t\t\t<\/div>\n\t\t\t\t<\/div>\n\t\t\t\t<\/div>\n\t\t<div class=\"elementor-element elementor-element-28d3aba e-flex e-con-boxed e-con e-parent\" data-id=\"28d3aba\" data-element_type=\"container\">\n\t\t\t\t\t<div class=\"e-con-inner\">\n\t\t<div class=\"elementor-element elementor-element-e95162e e-grid e-con-full e-con e-child\" data-id=\"e95162e\" data-element_type=\"container\">\n\t\t\t\t<div class=\"elementor-element elementor-element-21c0692 elementor-widget elementor-widget-google_maps\" data-id=\"21c0692\" data-element_type=\"widget\" data-widget_type=\"google_maps.default\">\n\t\t\t\t<div class=\"elementor-widget-container\">\n\t\t\t\t\t<div class=\"elementor-custom-embed\">\n\t\t\t<iframe loading=\"lazy\"\n\t\t\t\t\tsrc=\"https:\/\/maps.google.com\/maps?q=40.54359336704713%2C%2034.947467409552175&#038;t=m&#038;z=17&#038;output=embed&#038;iwloc=near\"\n\t\t\t\t\ttitle=\"40.54359336704713, 34.947467409552175\"\n\t\t\t\t\taria-label=\"40.54359336704713, 34.947467409552175\"\n\t\t\t><\/iframe>\n\t\t<\/div>\n\t\t\t\t<\/div>\n\t\t\t\t<\/div>\n\t\t\t\t<div class=\"elementor-element elementor-element-b77b93a elementor-widget elementor-widget-text-editor\" data-id=\"b77b93a\" data-element_type=\"widget\" data-widget_type=\"text-editor.default\">\n\t\t\t\t<div class=\"elementor-widget-container\">\n\t\t\t\t\t\t\t<div class=\"vs-info-table\"><table><tbody><tr><td>Tesis Ad\u0131:<\/td><td>Kerebi Gazi Sosyal Tesisleri<\/td><\/tr><tr><td>Telefon:<\/td><td>0 (364) 319 24 19<\/td><\/tr><tr><td>E-posta:<\/td><td>tesisler@corum.bel.tr<\/td><\/tr><tr><td>A\u00e7\u0131k saatler:<\/td><td>Sal\u0131 &#8211; Pazar:<br \/>10.00 &#8211; 21.00<br \/>Pazartesi: Kapal\u0131<\/td><\/tr><\/tbody><\/table><\/div>\t\t\t\t\t\t<\/div>\n\t\t\t\t<\/div>\n\t\t\t\t<\/div>\n\t\t\t\t\t<\/div>\n\t\t\t\t<\/div>\n\t\t\t\t<\/div>\n\t\t","protected":false},"excerpt":{"rendered":"<p>Men\u00fc Galeri Tesis Ad\u0131: Kerebi Gazi Sosyal Tesisleri Telefon: 0 (364) 319 24 19 E-posta: tesisler@corum.bel.tr A\u00e7\u0131k saatler: Sal\u0131 &#8211; Pazar:10.00 &#8211; 21.00Pazartesi: Kapal\u0131<\/p>\n","protected":false},"author":1,"featured_media":0,"parent":7476,"menu_order":3,"comment_status":"closed","ping_status":"closed","template":"elementor_header_footer","meta":{"footnotes":""},"class_list":["post-9836","page","type-page","status-publish","hentry"],"_links":{"self":[{"href":"https:\/\/www.corumbeltur.com.tr\/index.php?rest_route=\/wp\/v2\/pages\/9836","targetHints":{"allow":["GET"]}}],"collection":[{"href":"https:\/\/www.corumbeltur.com.tr\/index.php?rest_route=\/wp\/v2\/pages"}],"about":[{"href":"https:\/\/www.corumbeltur.com.tr\/index.php?rest_route=\/wp\/v2\/types\/page"}],"author":[{"embeddable":true,"href":"https:\/\/www.corumbeltur.com.tr\/index.php?rest_route=\/wp\/v2\/users\/1"}],"replies":[{"embeddable":true,"href":"https:\/\/www.corumbeltur.com.tr\/index.php?rest_route=%2Fwp%2Fv2%2Fcomments&post=9836"}],"version-history":[{"count":9,"href":"https:\/\/www.corumbeltur.com.tr\/index.php?rest_route=\/wp\/v2\/pages\/9836\/revisions"}],"predecessor-version":[{"id":9895,"href":"https:\/\/www.corumbeltur.com.tr\/index.php?rest_route=\/wp\/v2\/pages\/9836\/revisions\/9895"}],"up":[{"embeddable":true,"href":"https:\/\/www.corumbeltur.com.tr\/index.php?rest_route=\/wp\/v2\/pages\/7476"}],"wp:attachment":[{"href":"https:\/\/www.corumbeltur.com.tr\/index.php?rest_route=%2Fwp%2Fv2%2Fmedia&parent=9836"}],"curies":[{"name":"wp","href":"https:\/\/api.w.org\/{rel}","templated":true}]}}