{"id":8322,"date":"2025-01-08T11:31:30","date_gmt":"2025-01-08T08:31:30","guid":{"rendered":"https:\/\/www.corumbeltur.com.tr\/?post_type=product&#038;p=8322"},"modified":"2025-02-11T14:57:26","modified_gmt":"2025-02-11T11:57:26","slug":"buzgu-nubuk-kahve-canta","status":"publish","type":"product","link":"https:\/\/www.corumbeltur.com.tr\/?product=buzgu-nubuk-kahve-canta","title":{"rendered":"B\u00fczg\u00fc Nubuk Kahve \u00c7anta"},"content":{"rendered":"<p>S\u00fcet el yap\u0131m\u0131 b\u00fczg\u00fc nubuk kahve \u00e7anta<\/p>\n","protected":false},"excerpt":{"rendered":"<p>S\u00fcet el yap\u0131m\u0131 b\u00fczg\u00fc nubuk kahve \u00e7anta<\/p>\n","protected":false},"featured_media":8312,"template":"","meta":[],"product_cat":[63],"product_tag":[],"class_list":{"0":"post-8322","1":"product","2":"type-product","3":"status-publish","4":"has-post-thumbnail","6":"product_cat-canta","8":"first","9":"instock","10":"shipping-taxable","11":"purchasable","12":"product-type-simple"},"_links":{"self":[{"href":"https:\/\/www.corumbeltur.com.tr\/index.php?rest_route=\/wp\/v2\/product\/8322","targetHints":{"allow":["GET"]}}],"collection":[{"href":"https:\/\/www.corumbeltur.com.tr\/index.php?rest_route=\/wp\/v2\/product"}],"about":[{"href":"https:\/\/www.corumbeltur.com.tr\/index.php?rest_route=\/wp\/v2\/types\/product"}],"wp:featuredmedia":[{"embeddable":true,"href":"https:\/\/www.corumbeltur.com.tr\/index.php?rest_route=\/wp\/v2\/media\/8312"}],"wp:attachment":[{"href":"https:\/\/www.corumbeltur.com.tr\/index.php?rest_route=%2Fwp%2Fv2%2Fmedia&parent=8322"}],"wp:term":[{"taxonomy":"product_cat","embeddable":true,"href":"https:\/\/www.corumbeltur.com.tr\/index.php?rest_route=%2Fwp%2Fv2%2Fproduct_cat&post=8322"},{"taxonomy":"product_tag","embeddable":true,"href":"https:\/\/www.corumbeltur.com.tr\/index.php?rest_route=%2Fwp%2Fv2%2Fproduct_tag&post=8322"}],"curies":[{"name":"wp","href":"https:\/\/api.w.org\/{rel}","templated":true}]}}