{"id":9575,"date":"2025-04-30T11:17:24","date_gmt":"2025-04-30T08:17:24","guid":{"rendered":"https:\/\/www.corumbeltur.com.tr\/?post_type=product&#038;p=9575"},"modified":"2025-04-30T11:17:24","modified_gmt":"2025-04-30T08:17:24","slug":"figurlu-anahtarlik-3","status":"publish","type":"product","link":"https:\/\/www.corumbeltur.com.tr\/?product=figurlu-anahtarlik-3","title":{"rendered":"Fig\u00fcrl\u00fc Anahtarl\u0131k"},"content":{"rendered":"","protected":false},"excerpt":{"rendered":"","protected":false},"featured_media":9576,"template":"","meta":[],"product_cat":[155],"product_tag":[],"class_list":{"0":"post-9575","1":"product","2":"type-product","3":"status-publish","4":"has-post-thumbnail","6":"product_cat-anahtarlik","8":"first","9":"instock","10":"shipping-taxable","11":"purchasable","12":"product-type-simple"},"_links":{"self":[{"href":"https:\/\/www.corumbeltur.com.tr\/index.php?rest_route=\/wp\/v2\/product\/9575","targetHints":{"allow":["GET"]}}],"collection":[{"href":"https:\/\/www.corumbeltur.com.tr\/index.php?rest_route=\/wp\/v2\/product"}],"about":[{"href":"https:\/\/www.corumbeltur.com.tr\/index.php?rest_route=\/wp\/v2\/types\/product"}],"wp:featuredmedia":[{"embeddable":true,"href":"https:\/\/www.corumbeltur.com.tr\/index.php?rest_route=\/wp\/v2\/media\/9576"}],"wp:attachment":[{"href":"https:\/\/www.corumbeltur.com.tr\/index.php?rest_route=%2Fwp%2Fv2%2Fmedia&parent=9575"}],"wp:term":[{"taxonomy":"product_cat","embeddable":true,"href":"https:\/\/www.corumbeltur.com.tr\/index.php?rest_route=%2Fwp%2Fv2%2Fproduct_cat&post=9575"},{"taxonomy":"product_tag","embeddable":true,"href":"https:\/\/www.corumbeltur.com.tr\/index.php?rest_route=%2Fwp%2Fv2%2Fproduct_tag&post=9575"}],"curies":[{"name":"wp","href":"https:\/\/api.w.org\/{rel}","templated":true}]}}